{"id":374,"date":"2024-08-12T22:50:31","date_gmt":"2024-08-12T22:50:31","guid":{"rendered":"https:\/\/c2a-azaysurcher.fr\/?page_id=374"},"modified":"2026-04-27T21:27:01","modified_gmt":"2026-04-27T21:27:01","slug":"restauration","status":"publish","type":"page","link":"https:\/\/c2a-azaysurcher.fr\/?page_id=374","title":{"rendered":"Restauration"},"content":{"rendered":"<div class=\"brz-root__container brz-reset-all\">\n<section id=\"z8ulizTqFOE5\" class=\"brz-section brz-css-ziYt6\">\n<div class=\"brz-section__content brz-section--boxed brz-css-n6fLJ brz-css-ovdll\" data-brz-custom-id=\"lCrVL7dRmuWK\">\n<div class=\"brz-bg\">\n<div class=\"brz-bg-color\"><\/div>\n<\/div>\n<div class=\"brz-container brz-css-xKGKX\">\n<div id class=\"brz-css-gISFw brz-wrapper\">\n<div class=\"brz-image brz-css-tHv6A brz-css-m5KoF\" data-brz-custom-id=\"y5WLSetdlRrj\"><a class=\"brz-a\" href=\"https:\/\/c2a-azaysurcher.fr\/\" target=\"_self\" rel=\"noopener\" data-brz-link-type=\"external\"><picture class=\"brz-picture brz-d-block brz-p-relative brz-css-c_Za7 brz-css-vnrfm\"><source srcset=\"https:\/\/c2a-azaysurcher.fr\/wp-content\/uploads\/2024\/05\/Logo-png-C2A-150x150.png 1x, https:\/\/c2a-azaysurcher.fr\/wp-content\/uploads\/2024\/05\/Logo-png-C2A-150x150.png 2x\" media=\"(min-width: 992px)\"><source srcset=\"https:\/\/c2a-azaysurcher.fr\/wp-content\/uploads\/2024\/05\/Logo-png-C2A-150x150.png 1x, https:\/\/c2a-azaysurcher.fr\/wp-content\/uploads\/2024\/05\/Logo-png-C2A-150x150.png 2x\" media=\"(min-width: 768px)\"><img decoding=\"async\" class=\"brz-img\" srcset=\"https:\/\/c2a-azaysurcher.fr\/wp-content\/uploads\/2024\/05\/Logo-png-C2A-150x150.png 1x, https:\/\/c2a-azaysurcher.fr\/wp-content\/uploads\/2024\/05\/Logo-png-C2A-150x150.png 2x\" src=\"https:\/\/c2a-azaysurcher.fr\/wp-content\/uploads\/2024\/05\/Logo-png-C2A-150x150.png\" alt=\"\" draggable=\"false\" loading=\"lazy\"><\/picture><\/a><\/div>\n<\/div>\n<\/div>\n<\/div>\n<\/section>\n<section id=\"xc0tZ0KQ4VVB\" class=\"brz-section brz-css-ziYt6\">\n<div class=\"brz-section__content brz-section--boxed brz-css-n6fLJ brz-css-hwtQu\" data-brz-custom-id=\"jGSJhuElSbuM\">\n<div class=\"brz-bg\">\n<div class=\"brz-bg-image\"><\/div>\n<div class=\"brz-bg-color\"><\/div>\n<\/div>\n<div class=\"brz-container brz-css-xKGKX\">\n<div class=\"brz-row__container brz-css-frkW9\" data-brz-custom-id=\"hE0RG5LidgWk\">\n<div class=\"brz-bg\"><\/div>\n<div class=\"brz-row brz-css-d3vmL brz-css-b6cXC\">\n<div class=\"brz-columns brz-css-vPh0W brz-css-z1W3E\" data-brz-custom-id=\"w9xFhNs1F_5g\">\n<div class=\"brz-bg\"><\/div>\n<div class=\"brz-column__items brz-css-tXewn\">\n<div class=\"brz-wrapper-clone brz-css-dBYGB\">\n<div class=\"brz-d-xs-flex brz-flex-xs-wrap brz-css-zA6xe\" data-brz-custom-id>\n<div class=\"brz-wrapper-clone__item\" id=\"qMRUEC6udRUN\">\n<div class=\"brz-icon__container\" data-brz-custom-id=\"qMRUEC6udRUN\"><span class=\"brz-icon brz-span brz-css-dXS2g brz-css-amjTW\"><svg xmlns=\"http:\/\/www.w3.org\/2000\/svg\" viewbox=\"0 0 512 512\" class=\"brz-icon-svg align-[initial]\" data-type=\"fa\" data-name=\"concierge-bell\"><path d=\"M288 130.54V112h16c8.84 0 16-7.16 16-16V80c0-8.84-7.16-16-16-16h-96c-8.84 0-16 7.16-16 16v16c0 8.84 7.16 16 16 16h16v18.54C115.49 146.11 32 239.18 32 352h448c0-112.82-83.49-205.89-192-221.46zM496 384H16c-8.84 0-16 7.16-16 16v32c0 8.84 7.16 16 16 16h480c8.84 0 16-7.16 16-16v-32c0-8.84-7.16-16-16-16z\"\/><\/svg><\/span><\/div>\n<\/div>\n<\/div>\n<\/div>\n<div id class=\"brz-css-gISFw brz-wrapper\">\n<div class=\"brz-rich-text brz-rich-text__custom brz-css-egoi8\" data-brz-custom-id=\"rxVu33Fb6Jz6\">\n<div data-brz-translate-text=\"1\">\n<p data-uniq-id=\"bUzyu\" data-generated-css=\"brz-css-gLI5p\" class=\"brz-text-lg-center brz-tp-lg-empty brz-ff-oleo_script brz-ft-google brz-fs-lg-48 brz-fss-lg-px brz-fw-lg-400 brz-ls-lg-0 brz-lh-lg-1 brz-vfw-lg-400 brz-fwdth-lg-100 brz-fsft-lg-0 brz-css-bh1i4\"><span style=\"color: rgba(var(--brz-global-color5),1);\" class=\"brz-cp-color5\">Restauration<\/span><\/p>\n<\/div>\n<\/div>\n<\/div>\n<\/div>\n<\/div>\n<\/div>\n<\/div>\n<\/div>\n<\/div>\n<\/section>\n<section id=\"qdnr9cVotkXI\" class=\"brz-section brz-css-ziYt6\">\n<div class=\"brz-section__content brz-section--boxed brz-css-n6fLJ brz-css-avuTF\" data-brz-custom-id=\"g1bHKZXo7ZJ4\">\n<div class=\"brz-container brz-css-xKGKX\">\n<div class=\"brz-row__container brz-css-frkW9\" data-brz-custom-id=\"ltxRwrBfqPxb\">\n<div class=\"brz-bg\"><\/div>\n<div class=\"brz-row brz-css-d3vmL brz-css-b6cXC\">\n<div class=\"brz-columns brz-css-vPh0W brz-css-hyS51\" data-brz-custom-id=\"lAroizbbOajY\">\n<div class=\"brz-bg\"><\/div>\n<div class=\"brz-column__items brz-css-tXewn brz-css-cyf4A\">\n<div class=\"brz-row__container brz-css-frkW9\" data-brz-custom-id=\"xZu4S6xiHd_S\">\n<div class=\"brz-bg\"><\/div>\n<div class=\"brz-row brz-row--inner brz-css-d3vmL brz-css-b6cXC\">\n<div class=\"brz-columns brz-css-vPh0W brz-css-oIKJo\" data-brz-custom-id=\"vWBy1dikWsjx\">\n<div class=\"brz-bg\">\n<div class=\"brz-bg-color\"><\/div>\n<\/div>\n<div class=\"brz-column__items brz-css-tXewn brz-css-iiGuL\">\n<div id class=\"brz-css-gISFw brz-css-svp_t brz-wrapper\">\n<div class=\"brz-image brz-image__lightbox brz-css-fTyON brz-css-xRHXO\" data-brz-custom-id=\"xG3BxFwKPIEr\"><a class=\"brz-a\" href=\"https:\/\/c2a-azaysurcher.fr\/wp-content\/uploads\/2026\/04\/logo-LTD1A-V3.png\" target=\"_self\" rel=\"noopener\" data-brz-link-type=\"lightBox\"><picture class=\"brz-picture brz-d-block brz-p-relative brz-css-biYDV\"><source srcset=\"https:\/\/c2a-azaysurcher.fr\/wp-content\/uploads\/brizy\/imgs\/logo-LTD1A-V3-210x107x0x0x209x107x1776348710.png 1x, https:\/\/c2a-azaysurcher.fr\/wp-content\/uploads\/brizy\/imgs\/logo-LTD1A-V3-420x214x0x0x418x214x1776348710.png 2x\" media=\"(min-width: 992px)\"><source srcset=\"https:\/\/c2a-azaysurcher.fr\/?brizy_media=wp-5a7faa129854c28f1e63d6f99137ba57.png&amp;brizy_crop=iW%3D126%26iH%3D64%26oX%3D0%26oY%3D0%26cW%3D126%26cH%3D64 1x, https:\/\/c2a-azaysurcher.fr\/?brizy_media=wp-5a7faa129854c28f1e63d6f99137ba57.png&amp;brizy_crop=iW%3D252%26iH%3D128%26oX%3D0%26oY%3D0%26cW%3D252%26cH%3D128 2x\" media=\"(min-width: 768px)\"><img decoding=\"async\" class=\"brz-img\" srcset=\"https:\/\/c2a-azaysurcher.fr\/?brizy_media=wp-5a7faa129854c28f1e63d6f99137ba57.png&amp;brizy_crop=iW%3D140%26iH%3D71%26oX%3D0%26oY%3D0%26cW%3D140%26cH%3D71 1x, https:\/\/c2a-azaysurcher.fr\/wp-content\/uploads\/brizy\/imgs\/logo-LTD1A-V3-280x142x0x0x280x142x1776348710.png 2x\" src=\"https:\/\/c2a-azaysurcher.fr\/wp-content\/uploads\/brizy\/imgs\/logo-LTD1A-V3-210x107x0x0x209x107x1776348710.png\" alt=\"\" draggable=\"false\" loading=\"lazy\"><\/picture><\/a><\/div>\n<\/div>\n<div id class=\"brz-css-gISFw brz-css-iZXJq brz-wrapper\">\n<div class=\"brz-rich-text brz-rich-text__custom brz-css-egoi8\" data-brz-custom-id=\"obk9STi3_haS\">\n<div data-brz-translate-text=\"1\">\n<h6 class=\"brz-text-lg-center brz-fss-lg-px brz-fw-lg-500 brz-ls-lg-0 brz-lh-lg-1_4 brz-vfw-lg-400 brz-fwdth-lg-100 brz-fsft-lg-0 brz-tp-lg-empty brz-ff-fira_sans brz-ft-google brz-fs-lg-21 brz-css-slRX5\" data-uniq-id=\"rcGE1\" data-generated-css=\"brz-css-d5azK\"><span class=\"brz-cp-color2\">LE TEMPS D&#8217;UNE ASSIETTE<\/span><\/h6>\n<\/div>\n<\/div>\n<\/div>\n<div id class=\"brz-css-gISFw brz-css-cgzX4 brz-wrapper\">\n<div class=\"brz-rich-text brz-rich-text__custom brz-css-egoi8\" data-brz-custom-id=\"jOAEsUryaNub\">\n<div data-brz-translate-text=\"1\">\n<p class=\"brz-lh-lg-1_4 brz-ls-lg-0_5 brz-fw-lg-400 brz-fss-lg-px brz-fs-lg-19 brz-ft-google brz-ff-yrsa brz-tp-lg-empty brz-fsft-lg-0 brz-fwdth-lg-100 brz-vfw-lg-400 brz-text-lg-center brz-css-i3Ln3\" data-generated-css=\"brz-css-b9pxl\" data-uniq-id=\"vgWSR\"><span class=\"brz-cp-color7\" style=\"color: rgba(var(--brz-global-color7),0.91);\">Restaurant<\/span><\/p>\n<p class=\"brz-lh-lg-1_4 brz-ls-lg-0_5 brz-fw-lg-400 brz-fss-lg-px brz-fs-lg-19 brz-ft-google brz-ff-yrsa brz-tp-lg-empty brz-fsft-lg-0 brz-fwdth-lg-100 brz-vfw-lg-400 brz-text-lg-center brz-css-tRd7d\" data-generated-css=\"brz-css-b9pxl\" data-uniq-id=\"vgWSR\"><span class=\"brz-cp-color7\" style=\"color: rgba(var(--brz-global-color7),0.91);\">Cuisine faite maison et de saison <\/span><\/p>\n<\/div>\n<\/div>\n<\/div>\n<div id class=\"brz-css-gISFw brz-css-pG1aY brz-wrapper\">\n<div class=\"brz-line brz-line-default brz-css-nGZvt brz-css-xTfmY\" data-brz-custom-id=\"xcfvyxpaSVOS\">\n<hr class=\"brz-hr\"><\/div>\n<\/div>\n<div id class=\"brz-css-gISFw brz-wrapper\">\n<div class=\"brz-rich-text brz-rich-text__custom brz-css-egoi8\" data-brz-custom-id=\"gdlnT9A0xunM\">\n<div data-brz-translate-text=\"1\">\n<p class=\"brz-text-lg-center brz-tp-lg-empty brz-ff-yrsa brz-ft-google brz-fs-lg-18 brz-fss-lg-px brz-fw-lg-400 brz-ls-lg-0 brz-lh-lg-1_3 brz-vfw-lg-400 brz-fwdth-lg-100 brz-fsft-lg-0 brz-css-vErV8\" data-uniq-id=\"kaoS7\" data-generated-css=\"brz-css-wLldJ\"><span class=\"brz-cp-color7\">3 rue de la Poste <\/span><\/p>\n<p class=\"brz-text-lg-center brz-tp-lg-empty brz-ff-yrsa brz-ft-google brz-fs-lg-18 brz-fss-lg-px brz-fw-lg-400 brz-ls-lg-0 brz-lh-lg-1_3 brz-vfw-lg-400 brz-fwdth-lg-100 brz-fsft-lg-0 brz-css-w7y_7\" data-uniq-id=\"vbRhi\" data-generated-css=\"brz-css-bYqTz\"><span class=\"brz-cp-color7\">09 83 98 86 44 <\/span><\/p>\n<p class=\"brz-text-lg-center brz-tp-lg-empty brz-ff-yrsa brz-ft-google brz-fs-lg-18 brz-fss-lg-px brz-fw-lg-400 brz-ls-lg-0 brz-lh-lg-1_3 brz-vfw-lg-400 brz-fwdth-lg-100 brz-fsft-lg-0 brz-css-pgYvP\" data-uniq-id=\"ehxsL\" data-generated-css=\"brz-css-lxfnI\"><span class=\"brz-cp-color7\">letempsduneassiette<\/span><span class=\"brz-cp-color7 brz-pre-population-visible\">@outlook.fr<\/span><span class=\"brz-cp-color7\"> <\/span><\/p>\n<\/div>\n<\/div>\n<\/div>\n<div id class=\"brz-css-gISFw brz-css-yM8xU brz-wrapper\">\n<div class=\"brz-spacer brz-css-mOrE5 brz-css-dslhB\"><\/div>\n<\/div>\n<\/div>\n<\/div>\n<\/div>\n<\/div>\n<div id class=\"brz-css-gISFw brz-css-yM8xU brz-css-zaQEZ brz-wrapper\">\n<div class=\"brz-spacer brz-css-mOrE5 brz-css-uwiM6\"><\/div>\n<\/div>\n<\/div>\n<\/div>\n<div class=\"brz-columns brz-css-vPh0W brz-css-bsu1K\" data-brz-custom-id=\"ianEc6qIEHL3\">\n<div class=\"brz-bg\"><\/div>\n<div class=\"brz-column__items brz-css-tXewn brz-css-l3o8P\">\n<div class=\"brz-row__container brz-css-frkW9\" data-brz-custom-id=\"y986Xb2zr0q_\">\n<div class=\"brz-bg\"><\/div>\n<div class=\"brz-row brz-row--inner brz-css-d3vmL brz-css-b6cXC\">\n<div class=\"brz-columns brz-css-vPh0W brz-css-gIq0x\" data-brz-custom-id=\"a5KYU82Z8_Ir\">\n<div class=\"brz-bg\">\n<div class=\"brz-bg-color\"><\/div>\n<\/div>\n<div class=\"brz-column__items brz-css-tXewn brz-css-hTrIs\">\n<div id class=\"brz-css-gISFw brz-css-nfjje brz-wrapper\">\n<div class=\"brz-image brz-css-ue9b0 brz-css-hLQ42\" data-brz-custom-id=\"pkxxVH052t8F\"><picture class=\"brz-picture brz-d-block brz-p-relative brz-css-kzV8T\"><source srcset=\"https:\/\/c2a-azaysurcher.fr\/wp-content\/uploads\/brizy\/imgs\/AV4I5414-2-2-736x1024-1-1-149x207x0x0x149x149x1723502882.webp 1x, https:\/\/c2a-azaysurcher.fr\/wp-content\/uploads\/brizy\/imgs\/AV4I5414-2-2-736x1024-1-1-298x414x0x0x298x298x1723502882.webp 2x\" media=\"(min-width: 992px)\"><source srcset=\"https:\/\/c2a-azaysurcher.fr\/wp-content\/uploads\/brizy\/imgs\/AV4I5414-2-2-736x1024-1-1-126x175x0x0x126x126x1723502882.webp 1x, https:\/\/c2a-azaysurcher.fr\/wp-content\/uploads\/brizy\/imgs\/AV4I5414-2-2-736x1024-1-1-252x350x0x0x252x252x1723502882.webp 2x\" media=\"(min-width: 768px)\"><img decoding=\"async\" class=\"brz-img\" srcset=\"https:\/\/c2a-azaysurcher.fr\/wp-content\/uploads\/brizy\/imgs\/AV4I5414-2-2-736x1024-1-1-99x138x0x0x99x100x1723502882.webp 1x, https:\/\/c2a-azaysurcher.fr\/wp-content\/uploads\/brizy\/imgs\/AV4I5414-2-2-736x1024-1-1-198x276x0x0x198x200x1723502882.webp 2x\" src=\"https:\/\/c2a-azaysurcher.fr\/wp-content\/uploads\/brizy\/imgs\/AV4I5414-2-2-736x1024-1-1-149x207x0x0x149x149x1723502882.webp\" alt=\"\" draggable=\"false\" loading=\"lazy\"><\/picture><\/div>\n<\/div>\n<div id class=\"brz-css-gISFw brz-css-vE8dE brz-wrapper\">\n<div class=\"brz-rich-text brz-rich-text__custom brz-css-egoi8\" data-brz-custom-id=\"vCLGNxOz9JXt\">\n<div data-brz-translate-text=\"1\">\n<h6 class=\"brz-fs-lg-21 brz-ft-google brz-ff-fira_sans brz-tp-lg-empty brz-fsft-lg-0 brz-fwdth-lg-100 brz-vfw-lg-400 brz-lh-lg-1_4 brz-ls-lg-0 brz-fw-lg-500 brz-fss-lg-px brz-text-lg-center brz-css-h_lCy\" data-generated-css=\"brz-css-vq5b_\" data-uniq-id=\"f1T54\"><span style=\"color: rgb(35, 52, 71);\">LA TOUR DE PIZZ<\/span><\/h6>\n<\/div>\n<\/div>\n<\/div>\n<div id class=\"brz-css-gISFw brz-css-oDsZV brz-wrapper\">\n<div class=\"brz-rich-text brz-rich-text__custom brz-css-egoi8\" data-brz-custom-id=\"k7uyTvD42O1Z\">\n<div data-brz-translate-text=\"1\">\n<p class=\"brz-text-lg-center brz-vfw-lg-400 brz-fwdth-lg-100 brz-fsft-lg-0 brz-tp-lg-empty brz-ff-yrsa brz-ft-google brz-fs-lg-19 brz-fss-lg-px brz-fw-lg-400 brz-ls-lg-0_5 brz-lh-lg-1_4 brz-css-xPgNX\" data-generated-css=\"brz-css-ctdFf\" data-uniq-id=\"wwCfP\"><span class=\"brz-cp-color7\" style=\"color: rgba(132, 139, 147, 0.91);\">J\u00e9r\u00e9my DENIAU <\/span><\/p>\n<p class=\"brz-fsft-lg-0 brz-fwdth-lg-100 brz-vfw-lg-400 brz-lh-lg-1_3 brz-ls-lg-0_5 brz-fw-lg-400 brz-fss-lg-px brz-fs-lg-19 brz-ft-google brz-ff-yrsa brz-tp-lg-empty brz-text-lg-center brz-css-jBDHB\" data-generated-css=\"brz-css-bGNDb\" data-uniq-id=\"tUsHT\"><span class=\"brz-cp-color7\" style=\"color: rgba(132, 139, 147, 0.91);\">Camion pizza<\/span><\/p>\n<\/div>\n<\/div>\n<\/div>\n<div id class=\"brz-css-gISFw brz-css-rHu26 brz-wrapper\">\n<div class=\"brz-line brz-line-default brz-css-nGZvt brz-css-jhsFB\" data-brz-custom-id=\"wCjzn2mqa7DU\">\n<hr class=\"brz-hr\"><\/div>\n<\/div>\n<div id class=\"brz-css-gISFw brz-wrapper\">\n<div class=\"brz-rich-text brz-rich-text__custom brz-css-egoi8\" data-brz-custom-id=\"iJZWAEpZsonu\">\n<div data-brz-translate-text=\"1\">\n<p class=\"brz-fsft-lg-0 brz-fwdth-lg-100 brz-vfw-lg-400 brz-lh-lg-1_3 brz-ls-lg-0 brz-fw-lg-400 brz-fss-lg-px brz-fs-lg-18 brz-ft-google brz-ff-yrsa brz-tp-lg-empty brz-text-lg-center brz-css-rSlyp\" data-generated-css=\"brz-css-zzO_C\" data-uniq-id=\"rtbQQ\"><a class=\"link--external brz-cp-color7\" style=\"color: rgb(132, 139, 147);\" href=\"https:\/\/la-tourdepizz.fr\/\" data-brz-link-type=\"external\" target=\"_blank\">06 95 34 72 98<\/a><\/p>\n<p class=\"brz-fsft-lg-0 brz-fwdth-lg-100 brz-vfw-lg-400 brz-lh-lg-1_3 brz-ls-lg-0 brz-fw-lg-400 brz-fss-lg-px brz-fs-lg-18 brz-ft-google brz-ff-yrsa brz-tp-lg-empty brz-text-lg-center brz-css-kVuBk\" data-generated-css=\"brz-css-hErVh\" data-uniq-id=\"vVgT7\"><a class=\"link--external brz-cp-color7\" style=\"color: rgb(132, 139, 147);\" href=\"https:\/\/la-tourdepizz.fr\/\" data-brz-link-type=\"external\" target=\"_blank\">www.la-tourdepizz.fr<\/a><\/p>\n<p class=\"brz-fsft-lg-0 brz-fwdth-lg-100 brz-vfw-lg-400 brz-lh-lg-1_3 brz-ls-lg-0 brz-fw-lg-400 brz-fss-lg-px brz-fs-lg-18 brz-ft-google brz-ff-yrsa brz-tp-lg-empty brz-text-lg-center brz-css-uuVtE\" data-generated-css=\"brz-css-oB95T\" data-uniq-id=\"zMcsE\"><\/p>\n<\/div>\n<\/div>\n<\/div>\n<\/div>\n<\/div>\n<\/div>\n<\/div>\n<div id class=\"brz-css-gISFw brz-css-yM8xU brz-css-rZNgu brz-wrapper\">\n<div class=\"brz-spacer brz-css-mOrE5 brz-css-lEYoO\"><\/div>\n<\/div>\n<\/div>\n<\/div>\n<\/div>\n<\/div>\n<\/div>\n<\/div>\n<\/section>\n<section id=\"qcbmqgLwqfhZ\" class=\"brz-section brz-css-ziYt6\">\n<div class=\"brz-section__content brz-section--boxed brz-css-n6fLJ brz-css-v4SJa\" data-brz-custom-id=\"bf7UpewyOOLL\">\n<div class=\"brz-container brz-css-xKGKX\">\n<div class=\"brz-row__container brz-css-frkW9\" data-brz-custom-id=\"smHbAkBgJyZ5\">\n<div class=\"brz-bg\"><\/div>\n<div class=\"brz-row brz-css-d3vmL brz-css-b6cXC\">\n<div class=\"brz-columns brz-css-vPh0W brz-css-jMPJw\" data-brz-custom-id=\"cfxEzItmVqLx\">\n<div class=\"brz-bg\"><\/div>\n<div class=\"brz-column__items brz-css-tXewn brz-css-am2i3\">\n<div class=\"brz-row__container brz-css-frkW9\" data-brz-custom-id=\"jBRRkbn8fGTp\">\n<div class=\"brz-bg\"><\/div>\n<div class=\"brz-row brz-row--inner brz-css-d3vmL brz-css-b6cXC\">\n<div class=\"brz-columns brz-css-vPh0W brz-css-m5lr1\" data-brz-custom-id=\"y6n5e2H63Cg2\">\n<div class=\"brz-bg\">\n<div class=\"brz-bg-color\"><\/div>\n<\/div>\n<div class=\"brz-column__items brz-css-tXewn brz-css-dRBKH\">\n<div id class=\"brz-css-gISFw brz-css-kUj1I brz-wrapper\">\n<div class=\"brz-image brz-css-mCjyC brz-css-pbPn_\" data-brz-custom-id=\"u3idtkpaeolI\"><picture class=\"brz-picture brz-d-block brz-p-relative brz-css-o_gfa\"><source srcset=\"https:\/\/c2a-azaysurcher.fr\/wp-content\/uploads\/brizy\/imgs\/image-320x320-1-149x149x0x0x149x149x1723502516.webp 1x, https:\/\/c2a-azaysurcher.fr\/wp-content\/uploads\/brizy\/imgs\/image-320x320-1-298x298x0x0x298x298x1723502516.webp 2x\" media=\"(min-width: 992px)\"><source srcset=\"https:\/\/c2a-azaysurcher.fr\/wp-content\/uploads\/brizy\/imgs\/image-320x320-1-126x126x0x0x126x126x1723502516.webp 1x, https:\/\/c2a-azaysurcher.fr\/wp-content\/uploads\/brizy\/imgs\/image-320x320-1-252x252x0x0x252x252x1723502516.webp 2x\" media=\"(min-width: 768px)\"><img decoding=\"async\" class=\"brz-img\" srcset=\"https:\/\/c2a-azaysurcher.fr\/wp-content\/uploads\/brizy\/imgs\/image-320x320-1-99x99x0x0x99x99x1723502516.webp 1x, https:\/\/c2a-azaysurcher.fr\/wp-content\/uploads\/brizy\/imgs\/image-320x320-1-198x198x0x0x198x198x1723502516.webp 2x\" src=\"https:\/\/c2a-azaysurcher.fr\/wp-content\/uploads\/brizy\/imgs\/image-320x320-1-149x149x0x0x149x149x1723502516.webp\" alt=\"\" draggable=\"false\" loading=\"lazy\"><\/picture><\/div>\n<\/div>\n<div id class=\"brz-css-gISFw brz-css-oRUtp brz-wrapper\">\n<div class=\"brz-rich-text brz-rich-text__custom brz-css-egoi8\" data-brz-custom-id=\"d8bOhTaO5PbK\">\n<div data-brz-translate-text=\"1\">\n<h6 class=\"brz-fs-lg-21 brz-ft-google brz-ff-fira_sans brz-tp-lg-empty brz-fsft-lg-0 brz-fwdth-lg-100 brz-vfw-lg-400 brz-lh-lg-1_4 brz-ls-lg-0 brz-fw-lg-500 brz-fss-lg-px brz-text-lg-center brz-css-tkRXk\" data-generated-css=\"brz-css-sQVXf\" data-uniq-id=\"gnKOX\"><span class=\"brz-cp-color2\">RUDY&#8217;S COFFEE<\/span><\/h6>\n<\/div>\n<\/div>\n<\/div>\n<div id class=\"brz-css-gISFw brz-css-o0Mt2 brz-wrapper\">\n<div class=\"brz-rich-text brz-rich-text__custom brz-css-egoi8\" data-brz-custom-id=\"tdj_8Xf4wEkf\">\n<div data-brz-translate-text=\"1\">\n<p class=\"brz-fsft-lg-0 brz-fwdth-lg-100 brz-vfw-lg-400 brz-lh-lg-1_3 brz-ls-lg-0_5 brz-fw-lg-400 brz-fss-lg-px brz-fs-lg-19 brz-ft-google brz-ff-yrsa brz-tp-lg-empty brz-text-lg-center brz-css-x21VO\" data-generated-css=\"brz-css-dpKW5\" data-uniq-id=\"aw2tA\"><span class=\"brz-cp-color7\" style=\"color: rgba(var(--brz-global-color7),0.91);\">Rudy COIGNARD<\/span><\/p>\n<p class=\"brz-fsft-lg-0 brz-fwdth-lg-100 brz-vfw-lg-400 brz-text-lg-center brz-tp-lg-empty brz-ff-yrsa brz-ft-google brz-fs-lg-19 brz-fss-lg-px brz-fw-lg-400 brz-ls-lg-0_5 brz-lh-lg-1_4 brz-css-zqmFg\" data-generated-css=\"brz-css-l8Rbb\" data-uniq-id=\"xpAaH\"><span class=\"brz-cp-color7\" style=\"color: rgba(var(--brz-global-color7),0.91);\">Coffee Shop Ambulant tourangeau<\/span><\/p>\n<p class=\"brz-fsft-lg-0 brz-fwdth-lg-100 brz-vfw-lg-400 brz-lh-lg-1_3 brz-ls-lg-0_5 brz-fw-lg-400 brz-fss-lg-px brz-fs-lg-19 brz-ft-google brz-ff-yrsa brz-tp-lg-empty brz-text-lg-center brz-css-mCflm\" data-generated-css=\"brz-css-npj7k\" data-uniq-id=\"e7hPt\"><span class=\"brz-cp-color7\" style=\"color: rgba(var(--brz-global-color7),0.91);\">Sp\u00e9cialiste caf\u00e9s et th\u00e9s <\/span><\/p>\n<\/div>\n<\/div>\n<\/div>\n<div id class=\"brz-css-gISFw brz-css-aEVLj brz-wrapper\">\n<div class=\"brz-line brz-line-default brz-css-nGZvt brz-css-tk5jv\" data-brz-custom-id=\"rd_mgGiyxYXp\">\n<hr class=\"brz-hr\"><\/div>\n<\/div>\n<div id class=\"brz-css-gISFw brz-css-k1hRs brz-wrapper\">\n<div class=\"brz-rich-text brz-rich-text__custom brz-css-egoi8\" data-brz-custom-id=\"oYYikxHon1my\">\n<div data-brz-translate-text=\"1\">\n<p class=\"brz-text-lg-center brz-tp-lg-empty brz-ff-yrsa brz-ft-google brz-fs-lg-18 brz-fss-lg-px brz-fw-lg-400 brz-ls-lg-0 brz-lh-lg-1_3 brz-vfw-lg-400 brz-fwdth-lg-100 brz-fsft-lg-0 brz-css-xJ6KU\" data-uniq-id=\"y3xSn\" data-generated-css=\"brz-css-fbnCD\"><a class=\"link--external brz-cp-color7\" style=\"color: rgb(132, 139, 147);\" href=\"https:\/\/www.rudyscoffee.com\" data-brz-link-type=\"external\" target=\"_blank\">06 17 41 64 93<\/a><\/p>\n<p class=\"brz-text-lg-center brz-tp-lg-empty brz-ff-yrsa brz-ft-google brz-fs-lg-18 brz-fss-lg-px brz-fw-lg-400 brz-ls-lg-0 brz-lh-lg-1_3 brz-vfw-lg-400 brz-fwdth-lg-100 brz-fsft-lg-0 brz-css-kilxf\" data-uniq-id=\"y3xSn\" data-generated-css=\"brz-css-fbnCD\"><a class=\"link--external brz-cp-color7\" href=\"https:\/\/www.rudyscoffee.com\" data-brz-link-type=\"external\" target=\"_blank\">www.rudyscoffee.com <\/a><\/p>\n<p class=\"brz-text-lg-center brz-tp-lg-empty brz-ff-yrsa brz-ft-google brz-fs-lg-18 brz-fss-lg-px brz-fw-lg-400 brz-ls-lg-0 brz-lh-lg-1_3 brz-vfw-lg-400 brz-fwdth-lg-100 brz-fsft-lg-0 brz-css-lGd1O\" data-uniq-id=\"nDCGb\" data-generated-css=\"brz-css-iGKxP\"><span class=\"brz-cp-color7\"> contact<\/span><span class=\"brz-cp-color7 brz-pre-population-visible\">@rudyscoffee.fr<\/span><span class=\"brz-cp-color7\"> <\/span><\/p>\n<\/div>\n<\/div>\n<\/div>\n<div id class=\"brz-css-gISFw brz-css-yM8xU brz-wrapper\">\n<div class=\"brz-spacer brz-css-mOrE5 brz-css-hn5R0\"><\/div>\n<\/div>\n<\/div>\n<\/div>\n<\/div>\n<\/div>\n<div id class=\"brz-css-gISFw brz-css-yM8xU brz-css-h3wDd brz-wrapper\">\n<div class=\"brz-spacer brz-css-mOrE5 brz-css-vNX2g\"><\/div>\n<\/div>\n<\/div>\n<\/div>\n<div class=\"brz-columns brz-css-vPh0W brz-css-moVv_\" data-brz-custom-id=\"jxR2eAkuwj1k\">\n<div class=\"brz-bg\"><\/div>\n<div class=\"brz-column__items brz-css-tXewn brz-css-fPaFN\">\n<div class=\"brz-row__container brz-css-frkW9\" data-brz-custom-id=\"vJYH65LyIssY\">\n<div class=\"brz-bg\"><\/div>\n<div class=\"brz-row brz-row--inner brz-css-d3vmL brz-css-b6cXC\">\n<div class=\"brz-columns brz-css-vPh0W brz-css-aj_rp\" data-brz-custom-id=\"vUaBAU3RW4UN\">\n<div class=\"brz-bg\">\n<div class=\"brz-bg-color\"><\/div>\n<\/div>\n<div class=\"brz-column__items brz-css-tXewn brz-css-nNc0I\">\n<div id class=\"brz-css-gISFw brz-css-yM8xU brz-wrapper\">\n<div class=\"brz-spacer brz-css-mOrE5 brz-css-mq3Cf\"><\/div>\n<\/div>\n<\/div>\n<\/div>\n<\/div>\n<\/div>\n<div id class=\"brz-css-gISFw brz-css-yM8xU brz-css-bnIo4 brz-wrapper\">\n<div class=\"brz-spacer brz-css-mOrE5 brz-css-sqDlW\"><\/div>\n<\/div>\n<\/div>\n<\/div>\n<\/div>\n<\/div>\n<\/div>\n<\/div>\n<\/section>\n<section id=\"prmoftncggvjhrrmdwsvfbfvhcisurxbtton\" class=\"brz-section brz-css-ziYt6\">\n<div class=\"brz-section__content brz-section--fullWidth brz-css-n6fLJ brz-css-oJ2_H\" data-brz-custom-id=\"egjlptclddymuolgvhtixcqnhfmundieness\">\n<div class=\"brz-bg\">\n<div class=\"brz-bg-color\"><\/div>\n<\/div>\n<div class=\"brz-container brz-css-xKGKX brz-css-q2_Q9\">\n<div class=\"brz-row__container brz-css-frkW9\" data-brz-custom-id=\"fYU1uQi6E9JC\">\n<div class=\"brz-bg\"><\/div>\n<div class=\"brz-row brz-css-d3vmL brz-css-b6cXC\">\n<div class=\"brz-columns brz-css-vPh0W brz-css-wSdsQ\" data-brz-custom-id=\"hoipND98JQOm\">\n<div class=\"brz-bg\"><\/div>\n<div class=\"brz-column__items brz-css-tXewn\">\n<div id class=\"brz-css-gISFw brz-wrapper\">\n<div class=\"brz-rich-text brz-rich-text__custom brz-css-egoi8\" data-brz-custom-id=\"tEm6uqRVw24U\">\n<div data-brz-translate-text=\"1\">\n<p class=\"brz-tp-lg-paragraph brz-css-h6j0w\" data-uniq-id=\"t2wKg\" data-generated-css=\"brz-css-c89Bo\"><a class=\"brz-cp-color7 link--page\" href=\"\" data-brz-link-type=\"page\"><u>Mention l\u00e9gales<\/u><\/a><\/p>\n<\/div>\n<\/div>\n<\/div>\n<\/div>\n<\/div>\n<div class=\"brz-columns brz-css-vPh0W brz-css-wOKtG\" data-brz-custom-id=\"pl1w48rkwDHJ\">\n<div class=\"brz-bg\"><\/div>\n<div class=\"brz-column__items brz-css-tXewn\">\n<div id class=\"brz-css-gISFw brz-wrapper\">\n<div class=\"brz-rich-text brz-rich-text__custom brz-css-egoi8\" data-brz-custom-id=\"jKiOlEKXVaFz\">\n<div data-brz-translate-text=\"1\">\n<p class=\"brz-tp-lg-paragraph brz-css-oV7JL\" data-generated-css=\"brz-css-e2UdP\" data-uniq-id=\"jivj5\"><a class=\"brz-cp-color7 link--page\" href=\"\" data-brz-link-type=\"page\"><u>Contactez-nous<\/u><\/a><\/p>\n<\/div>\n<\/div>\n<\/div>\n<\/div>\n<\/div>\n<div class=\"brz-columns brz-css-vPh0W\" data-brz-custom-id=\"hd719PUGCHY9\">\n<div class=\"brz-bg\"><\/div>\n<div class=\"brz-column__items brz-css-tXewn\">\n<div id class=\"brz-css-gISFw brz-wrapper\">\n<div class=\"brz-rich-text brz-rich-text__custom brz-css-egoi8\" data-brz-custom-id=\"fEOyI8mrAUrq\">\n<div data-brz-translate-text=\"1\">\n<p class=\"brz-text-lg-center brz-tp-lg-paragraph brz-text-xs-center brz-css-fnOB9\" data-generated-css=\"brz-css-w1hrX\" data-uniq-id=\"rVnS0\"><span class=\"brz-cp-color7\" style=\"color: rgb(132, 139, 147);\">\u00a92026, C2A Azay-sur-Cher<\/span><\/p>\n<\/div>\n<\/div>\n<\/div>\n<\/div>\n<\/div>\n<div class=\"brz-columns brz-css-vPh0W brz-css-uYnsu\" data-brz-custom-id=\"nTHsdPoPxLE7\">\n<div class=\"brz-bg\"><\/div>\n<div class=\"brz-column__items brz-css-tXewn\">\n<div id class=\"brz-css-gISFw brz-css-wYzOO brz-wrapper\">\n<div class=\"brz-rich-text brz-rich-text__custom brz-css-egoi8\" data-brz-custom-id=\"qh6xc3KsQFkk\">\n<div data-brz-translate-text=\"1\">\n<p class=\"brz-text-lg-right brz-tp-lg-paragraph brz-text-xs-center brz-css-lMz0D\" data-generated-css=\"brz-css-j1A98\" data-uniq-id=\"vx17R\"><span class=\"brz-cp-color7\">Contact : Mathieu &#8211; 06 58 32 83 43<\/span><\/p>\n<\/div>\n<\/div>\n<\/div>\n<\/div>\n<\/div>\n<\/div>\n<\/div>\n<\/div>\n<\/div>\n<\/section>\n<\/div>\n<p>    <!-- version:1777325221 --><\/p>\n","protected":false},"excerpt":{"rendered":"<p>Restauration LE TEMPS D&#8217;UNE ASSIETTE Restaurant Cuisine faite maison et de saison 3 rue de la Poste 09 83 98 86 44 letempsduneassiette@outlook.fr LA TOUR DE PIZZ J\u00e9r\u00e9my DENIAU Camion pizza 06 95 34 72 98 www.la-tourdepizz.fr RUDY&#8217;S COFFEE Rudy COIGNARD Coffee Shop Ambulant tourangeau Sp\u00e9cialiste caf\u00e9s et th\u00e9s 06 17 41 64 93 www.rudyscoffee.com [&hellip;]<\/p>\n","protected":false},"author":1,"featured_media":0,"parent":5,"menu_order":0,"comment_status":"closed","ping_status":"closed","template":"brizy-blank-template.php","meta":{"footnotes":""},"class_list":["post-374","page","type-page","status-publish","hentry"],"_links":{"self":[{"href":"https:\/\/c2a-azaysurcher.fr\/index.php?rest_route=\/wp\/v2\/pages\/374","targetHints":{"allow":["GET"]}}],"collection":[{"href":"https:\/\/c2a-azaysurcher.fr\/index.php?rest_route=\/wp\/v2\/pages"}],"about":[{"href":"https:\/\/c2a-azaysurcher.fr\/index.php?rest_route=\/wp\/v2\/types\/page"}],"author":[{"embeddable":true,"href":"https:\/\/c2a-azaysurcher.fr\/index.php?rest_route=\/wp\/v2\/users\/1"}],"replies":[{"embeddable":true,"href":"https:\/\/c2a-azaysurcher.fr\/index.php?rest_route=%2Fwp%2Fv2%2Fcomments&post=374"}],"version-history":[{"count":5,"href":"https:\/\/c2a-azaysurcher.fr\/index.php?rest_route=\/wp\/v2\/pages\/374\/revisions"}],"predecessor-version":[{"id":3471,"href":"https:\/\/c2a-azaysurcher.fr\/index.php?rest_route=\/wp\/v2\/pages\/374\/revisions\/3471"}],"up":[{"embeddable":true,"href":"https:\/\/c2a-azaysurcher.fr\/index.php?rest_route=\/wp\/v2\/pages\/5"}],"wp:attachment":[{"href":"https:\/\/c2a-azaysurcher.fr\/index.php?rest_route=%2Fwp%2Fv2%2Fmedia&parent=374"}],"curies":[{"name":"wp","href":"https:\/\/api.w.org\/{rel}","templated":true}]}}