{"id":584,"date":"2024-08-13T00:51:16","date_gmt":"2024-08-13T00:51:16","guid":{"rendered":"https:\/\/c2a-azaysurcher.fr\/?page_id=584"},"modified":"2026-04-27T21:17:41","modified_gmt":"2026-04-27T21:17:41","slug":"animaux","status":"publish","type":"page","link":"https:\/\/c2a-azaysurcher.fr\/?page_id=584","title":{"rendered":"Animaux"},"content":{"rendered":"<div class=\"brz-root__container brz-reset-all\">\n<section id=\"dxu6lhrSrdgo\" class=\"brz-section brz-css-pwh2P\">\n<div class=\"brz-section__content brz-section--boxed brz-css-jEpmb brz-css-eMRn9\" data-brz-custom-id=\"v6ebP4gvaMzE\">\n<div class=\"brz-bg\">\n<div class=\"brz-bg-color\"><\/div>\n<\/div>\n<div class=\"brz-container brz-css-wvwHd\">\n<div id class=\"brz-css-h2B39 brz-wrapper\">\n<div class=\"brz-image brz-css-o3tga brz-css-vdz_y\" data-brz-custom-id=\"a5EW1EAFoFH6\"><a class=\"brz-a\" href=\"https:\/\/c2a-azaysurcher.fr\/\" target=\"_self\" rel=\"noopener\" data-brz-link-type=\"external\"><picture class=\"brz-picture brz-d-block brz-p-relative brz-css-jhFR3 brz-css-eDSO4\"><source srcset=\"https:\/\/c2a-azaysurcher.fr\/wp-content\/uploads\/2024\/05\/Logo-png-C2A-150x150.png 1x, https:\/\/c2a-azaysurcher.fr\/wp-content\/uploads\/2024\/05\/Logo-png-C2A-150x150.png 2x\" media=\"(min-width: 992px)\"><source srcset=\"https:\/\/c2a-azaysurcher.fr\/wp-content\/uploads\/2024\/05\/Logo-png-C2A-150x150.png 1x, https:\/\/c2a-azaysurcher.fr\/wp-content\/uploads\/2024\/05\/Logo-png-C2A-150x150.png 2x\" media=\"(min-width: 768px)\"><img decoding=\"async\" class=\"brz-img\" srcset=\"https:\/\/c2a-azaysurcher.fr\/wp-content\/uploads\/2024\/05\/Logo-png-C2A-150x150.png 1x, https:\/\/c2a-azaysurcher.fr\/wp-content\/uploads\/2024\/05\/Logo-png-C2A-150x150.png 2x\" src=\"https:\/\/c2a-azaysurcher.fr\/wp-content\/uploads\/2024\/05\/Logo-png-C2A-150x150.png\" alt=\"\" draggable=\"false\" loading=\"lazy\"><\/picture><\/a><\/div>\n<\/div>\n<\/div>\n<\/div>\n<\/section>\n<section id=\"k3QyMCr8iYDR\" class=\"brz-section brz-css-pwh2P\">\n<div class=\"brz-section__content brz-section--boxed brz-css-jEpmb brz-css-iS6A6\" data-brz-custom-id=\"mnfiSSwgcjCr\">\n<div class=\"brz-bg\">\n<div class=\"brz-bg-image\"><\/div>\n<div class=\"brz-bg-color\"><\/div>\n<\/div>\n<div class=\"brz-container brz-css-wvwHd\">\n<div class=\"brz-row__container brz-css-aUQKO\" data-brz-custom-id=\"tJzp43X_2W76\">\n<div class=\"brz-bg\"><\/div>\n<div class=\"brz-row brz-css-fkClf brz-css-kAYkE\">\n<div class=\"brz-columns brz-css-alYPc brz-css-sSN7i\" data-brz-custom-id=\"yB2VwfgAhQ_d\">\n<div class=\"brz-bg\"><\/div>\n<div class=\"brz-column__items brz-css-cByL6\">\n<div class=\"brz-wrapper-clone brz-css-lDB3A\">\n<div class=\"brz-d-xs-flex brz-flex-xs-wrap brz-css-o9sET\" data-brz-custom-id>\n<div class=\"brz-wrapper-clone__item\" id=\"klANb8kGqQr3\">\n<div class=\"brz-icon__container\" data-brz-custom-id=\"klANb8kGqQr3\"><span class=\"brz-icon brz-span brz-css-sKnOp brz-css-zPg8O\"><svg xmlns=\"http:\/\/www.w3.org\/2000\/svg\" viewbox=\"0 0 512 512\" class=\"brz-icon-svg align-[initial]\" data-type=\"fa\" data-name=\"paw\"><path d=\"M256 224c-79.41 0-192 122.76-192 200.25 0 34.9 26.81 55.75 71.74 55.75 48.84 0 81.09-25.08 120.26-25.08 39.51 0 71.85 25.08 120.26 25.08 44.93 0 71.74-20.85 71.74-55.75C448 346.76 335.41 224 256 224zm-147.28-12.61c-10.4-34.65-42.44-57.09-71.56-50.13-29.12 6.96-44.29 40.69-33.89 75.34 10.4 34.65 42.44 57.09 71.56 50.13 29.12-6.96 44.29-40.69 33.89-75.34zm84.72-20.78c30.94-8.14 46.42-49.94 34.58-93.36s-46.52-72.01-77.46-63.87-46.42 49.94-34.58 93.36c11.84 43.42 46.53 72.02 77.46 63.87zm281.39-29.34c-29.12-6.96-61.15 15.48-71.56 50.13-10.4 34.65 4.77 68.38 33.89 75.34 29.12 6.96 61.15-15.48 71.56-50.13 10.4-34.65-4.77-68.38-33.89-75.34zm-156.27 29.34c30.94 8.14 65.62-20.45 77.46-63.87 11.84-43.42-3.64-85.21-34.58-93.36s-65.62 20.45-77.46 63.87c-11.84 43.42 3.64 85.22 34.58 93.36z\"\/><\/svg><\/span><\/div>\n<\/div>\n<\/div>\n<\/div>\n<div id class=\"brz-css-h2B39 brz-wrapper\">\n<div class=\"brz-rich-text brz-rich-text__custom brz-css-dGiVJ\" data-brz-custom-id=\"ooHX_Xs_MIgX\">\n<div data-brz-translate-text=\"1\">\n<p class=\"brz-text-lg-center brz-tp-lg-empty brz-ff-oleo_script brz-ft-google brz-fs-lg-48 brz-fss-lg-px brz-fw-lg-400 brz-ls-lg-0 brz-lh-lg-1 brz-vfw-lg-400 brz-fwdth-lg-100 brz-fsft-lg-0 brz-css-sfgBF\" data-uniq-id=\"facpE\" data-generated-css=\"brz-css-fIhoY\"><span class=\"brz-cp-color5\" style=\"color: rgba(var(--brz-global-color5),1);\">Animaux<\/span><\/p>\n<\/div>\n<\/div>\n<\/div>\n<\/div>\n<\/div>\n<\/div>\n<\/div>\n<\/div>\n<\/div>\n<\/section>\n<section id=\"lkxC2JShhwI_\" class=\"brz-section brz-css-pwh2P\">\n<div class=\"brz-section__content brz-section--boxed brz-css-jEpmb brz-css-mMbkO\" data-brz-custom-id=\"htL4rqM4WSpi\">\n<div class=\"brz-container brz-css-wvwHd\">\n<div class=\"brz-row__container brz-css-aUQKO\" data-brz-custom-id=\"qpC4DSinIOZF\">\n<div class=\"brz-bg\"><\/div>\n<div class=\"brz-row brz-css-fkClf brz-css-kAYkE\">\n<div class=\"brz-columns brz-css-alYPc brz-css-zhSlB\" data-brz-custom-id=\"ntiydo9WKNcx\">\n<div class=\"brz-column__items brz-css-cByL6 brz-css-hX7Iu\">\n<div class=\"brz-row__container brz-css-aUQKO\" data-brz-custom-id=\"qBlStiM3dKFd\">\n<div class=\"brz-bg\"><\/div>\n<div class=\"brz-row brz-row--inner brz-css-fkClf brz-css-kAYkE\">\n<div class=\"brz-columns brz-css-alYPc brz-css-as352\" data-brz-custom-id=\"gi4qOgUrxet1\">\n<div class=\"brz-bg\">\n<div class=\"brz-bg-color\"><\/div>\n<\/div>\n<div class=\"brz-column__items brz-css-cByL6 brz-css-orxux\">\n<div id class=\"brz-css-h2B39 brz-css-cHqZk brz-wrapper\">\n<div class=\"brz-image brz-css-llqp3 brz-css-m0ng0\" data-brz-custom-id=\"gWxlZm1Uo4fC\"><picture class=\"brz-picture brz-d-block brz-p-relative brz-css-iSios\"><source srcset=\"https:\/\/c2a-azaysurcher.fr\/wp-content\/uploads\/brizy\/imgs\/302296758_645943867223412_2271304745958926807_n-1-313x235x54x19x149x149x1723509787.webp 1x, https:\/\/c2a-azaysurcher.fr\/wp-content\/uploads\/brizy\/imgs\/302296758_645943867223412_2271304745958926807_n-1-626x470x108x38x298x298x1723509787.webp 2x\" media=\"(min-width: 992px)\"><source srcset=\"https:\/\/c2a-azaysurcher.fr\/wp-content\/uploads\/brizy\/imgs\/302296758_645943867223412_2271304745958926807_n-1-264x198x45x16x126x126x1723509787.webp 1x, https:\/\/c2a-azaysurcher.fr\/wp-content\/uploads\/brizy\/imgs\/302296758_645943867223412_2271304745958926807_n-1-528x396x90x32x252x252x1723509787.webp 2x\" media=\"(min-width: 768px)\"><img decoding=\"async\" class=\"brz-img\" srcset=\"https:\/\/c2a-azaysurcher.fr\/wp-content\/uploads\/brizy\/imgs\/302296758_645943867223412_2271304745958926807_n-1-209x156x36x13x99x100x1723509787.webp 1x, https:\/\/c2a-azaysurcher.fr\/wp-content\/uploads\/brizy\/imgs\/302296758_645943867223412_2271304745958926807_n-1-418x312x72x26x198x200x1723509787.webp 2x\" src=\"https:\/\/c2a-azaysurcher.fr\/wp-content\/uploads\/brizy\/imgs\/302296758_645943867223412_2271304745958926807_n-1-313x235x54x19x149x149x1723509787.webp\" alt=\"\" draggable=\"false\" loading=\"lazy\"><\/picture><\/div>\n<\/div>\n<div id class=\"brz-css-h2B39 brz-css-bTvxm brz-wrapper\">\n<div class=\"brz-rich-text brz-rich-text__custom brz-css-dGiVJ\" data-brz-custom-id=\"dNQaya7g1Z7X\">\n<div data-brz-translate-text=\"1\">\n<h6 class=\"brz-text-lg-center brz-fss-lg-px brz-fw-lg-500 brz-ls-lg-0 brz-lh-lg-1_4 brz-vfw-lg-400 brz-fwdth-lg-100 brz-fsft-lg-0 brz-tp-lg-empty brz-ff-fira_sans brz-ft-google brz-fs-lg-21 brz-css-j6d3B\" data-uniq-id=\"qUSCp\" data-generated-css=\"brz-css-hvcyy\"><span class=\"brz-cp-color2\">ABC \u00c9DUCATION CANINE37<\/span><\/h6>\n<\/div>\n<\/div>\n<\/div>\n<div id class=\"brz-css-h2B39 brz-css-uM1yY brz-wrapper\">\n<div class=\"brz-line brz-line-default brz-css-xijb_ brz-css-jDbjD\" data-brz-custom-id=\"jme_lbjWxJQg\">\n<hr class=\"brz-hr\"><\/div>\n<\/div>\n<div id class=\"brz-css-h2B39 brz-css-ves1B brz-wrapper\">\n<div class=\"brz-rich-text brz-rich-text__custom brz-css-dGiVJ\" data-brz-custom-id=\"saPZkEGcLHbx\">\n<div data-brz-translate-text=\"1\">\n<p class=\"brz-text-lg-center brz-tp-lg-empty brz-ff-yrsa brz-ft-google brz-fs-lg-18 brz-fss-lg-px brz-fw-lg-400 brz-ls-lg-0 brz-lh-lg-1_3 brz-vfw-lg-400 brz-fwdth-lg-100 brz-fsft-lg-0 brz-css-nng_f\" data-uniq-id=\"mJDAt\" data-generated-css=\"brz-css-l5z_p\"><span class=\"brz-cp-color7\">3 chemin du Petit Falaise <\/span><\/p>\n<p class=\"brz-text-lg-center brz-tp-lg-empty brz-ff-yrsa brz-ft-google brz-fs-lg-18 brz-fss-lg-px brz-fw-lg-400 brz-ls-lg-0 brz-lh-lg-1_3 brz-vfw-lg-400 brz-fwdth-lg-100 brz-fsft-lg-0 brz-css-zbmzW\" data-uniq-id=\"cT7Ov\" data-generated-css=\"brz-css-elSCA\"><span class=\"brz-cp-color7\">06.37.73.56.83<\/span><\/p>\n<p class=\"brz-text-lg-center brz-tp-lg-empty brz-ff-yrsa brz-ft-google brz-fs-lg-18 brz-fss-lg-px brz-fw-lg-400 brz-ls-lg-0 brz-lh-lg-1_3 brz-vfw-lg-400 brz-fwdth-lg-100 brz-fsft-lg-0 brz-css-r871P\" data-uniq-id=\"mHR_3\" data-generated-css=\"brz-css-i0Qlk\"><span class=\"brz-cp-color7\">libereaualain<\/span><span class=\"brz-cp-color7 brz-pre-population-visible\">@orange.fr<\/span><span class=\"brz-cp-color7\"> <\/span><\/p>\n<p class=\"brz-text-lg-center brz-tp-lg-empty brz-ff-yrsa brz-ft-google brz-fs-lg-18 brz-fss-lg-px brz-fw-lg-400 brz-ls-lg-0 brz-lh-lg-1_3 brz-vfw-lg-400 brz-fwdth-lg-100 brz-fsft-lg-0 brz-css-cyIek\" data-uniq-id=\"vP9oA\" data-generated-css=\"brz-css-vRFQ4\"><a class=\"link--external brz-cp-color7\" href=\"http:\/\/abceducationcanine37.com\/\" data-brz-link-type=\"external\" target=\"_blank\">www.abceducationcanine37.com<\/a><\/p>\n<\/div>\n<\/div>\n<\/div>\n<div id class=\"brz-css-h2B39 brz-css-cOp2c brz-css-boLUk brz-wrapper\">\n<div class=\"brz-spacer brz-css-m_q4l brz-css-gjF65\"><\/div>\n<\/div>\n<div id class=\"brz-css-h2B39 brz-css-cOp2c brz-wrapper\">\n<div class=\"brz-spacer brz-css-m_q4l brz-css-tzTQm\"><\/div>\n<\/div>\n<\/div>\n<\/div>\n<\/div>\n<\/div>\n<div id class=\"brz-css-h2B39 brz-css-cOp2c brz-css-dk1qP brz-wrapper\">\n<div class=\"brz-spacer brz-css-m_q4l brz-css-jG9xL\"><\/div>\n<\/div>\n<\/div>\n<\/div>\n<div class=\"brz-columns brz-css-alYPc brz-css-umcg8\" data-brz-custom-id=\"vSKilEI51cvc\">\n<div class=\"brz-bg\"><\/div>\n<div class=\"brz-column__items brz-css-cByL6 brz-css-jjZo1\">\n<div class=\"brz-row__container brz-css-aUQKO\" data-brz-custom-id=\"xhy23Eq1RbWJ\">\n<div class=\"brz-bg\"><\/div>\n<div class=\"brz-row brz-row--inner brz-css-fkClf brz-css-kAYkE\">\n<div class=\"brz-columns brz-css-alYPc brz-css-iqK4T\" data-brz-custom-id=\"wXTqde6AHc3I\">\n<div class=\"brz-bg\">\n<div class=\"brz-bg-color\"><\/div>\n<\/div>\n<div class=\"brz-column__items brz-css-cByL6 brz-css-fWhDO\">\n<div id class=\"brz-css-h2B39 brz-css-w7GH2 brz-wrapper\">\n<div class=\"brz-image brz-css-umm2l brz-css-qlBlS\" data-brz-custom-id=\"v0rpg5Ky0T4C\"><picture class=\"brz-picture brz-d-block brz-p-relative brz-css-mYU1Y\"><source srcset=\"https:\/\/c2a-azaysurcher.fr\/wp-content\/uploads\/brizy\/imgs\/310852742_584371676787388_6665575489452046213_n-161x161x6x0x149x149x1723510253.jpg 1x, https:\/\/c2a-azaysurcher.fr\/wp-content\/uploads\/brizy\/imgs\/310852742_584371676787388_6665575489452046213_n-322x322x12x0x298x298x1723510253.jpg 2x\" media=\"(min-width: 992px)\"><source srcset=\"https:\/\/c2a-azaysurcher.fr\/wp-content\/uploads\/brizy\/imgs\/310852742_584371676787388_6665575489452046213_n-136x136x5x0x126x126x1723510253.jpg 1x, https:\/\/c2a-azaysurcher.fr\/wp-content\/uploads\/brizy\/imgs\/310852742_584371676787388_6665575489452046213_n-272x272x10x0x252x252x1723510253.jpg 2x\" media=\"(min-width: 768px)\"><img decoding=\"async\" class=\"brz-img\" srcset=\"https:\/\/c2a-azaysurcher.fr\/wp-content\/uploads\/brizy\/imgs\/310852742_584371676787388_6665575489452046213_n-107x107x4x0x99x99x1723510253.jpg 1x, https:\/\/c2a-azaysurcher.fr\/wp-content\/uploads\/brizy\/imgs\/310852742_584371676787388_6665575489452046213_n-214x214x8x0x198x198x1723510253.jpg 2x\" src=\"https:\/\/c2a-azaysurcher.fr\/wp-content\/uploads\/brizy\/imgs\/310852742_584371676787388_6665575489452046213_n-161x161x6x0x149x149x1723510253.jpg\" alt=\"\" draggable=\"false\" loading=\"lazy\"><\/picture><\/div>\n<\/div>\n<div id class=\"brz-css-h2B39 brz-css-trdwK brz-wrapper\">\n<div class=\"brz-rich-text brz-rich-text__custom brz-css-dGiVJ\" data-brz-custom-id=\"i9Q0D7Uf9cYo\">\n<div data-brz-translate-text=\"1\">\n<h6 class=\"brz-fs-lg-21 brz-ft-google brz-ff-fira_sans brz-tp-lg-empty brz-fsft-lg-0 brz-fwdth-lg-100 brz-vfw-lg-400 brz-lh-lg-1_4 brz-ls-lg-0 brz-fw-lg-500 brz-fss-lg-px brz-text-lg-center brz-css-ppeK5\" data-generated-css=\"brz-css-jsZBX\" data-uniq-id=\"sqYTf\"><span class=\"brz-cp-color2\">FOREST PETS 37<\/span><\/h6>\n<\/div>\n<\/div>\n<\/div>\n<div id class=\"brz-css-h2B39 brz-css-aea2a brz-wrapper\">\n<div class=\"brz-rich-text brz-rich-text__custom brz-css-dGiVJ\" data-brz-custom-id=\"sC7ntbsl0JDD\">\n<div data-brz-translate-text=\"1\">\n<p class=\"brz-fsft-lg-0 brz-fwdth-lg-100 brz-vfw-lg-400 brz-lh-lg-1_3 brz-ls-lg-0_5 brz-fw-lg-400 brz-fss-lg-px brz-fs-lg-19 brz-ft-google brz-ff-yrsa brz-tp-lg-empty brz-text-lg-center brz-css-aJyS8\" data-generated-css=\"brz-css-gRP4v\" data-uniq-id=\"uc8RN\"><span style=\"color: rgba(var(--brz-global-color7),0.91);\" class=\"brz-cp-color7\">\u00c9ducateur comportementaliste &#8211; Toilettage<\/span><\/p>\n<p class=\"brz-fsft-lg-0 brz-fwdth-lg-100 brz-vfw-lg-400 brz-lh-lg-1_3 brz-ls-lg-0_5 brz-fw-lg-400 brz-fss-lg-px brz-fs-lg-19 brz-ft-google brz-ff-yrsa brz-tp-lg-empty brz-text-lg-center brz-css-nxYF9\" data-generated-css=\"brz-css-gRP4v\" data-uniq-id=\"uc8RN\"><span style=\"color: rgba(var(--brz-global-color7),0.91);\" class=\"brz-cp-color7\">Canin &#8211; F\u00e9lin <\/span><\/p>\n<\/div>\n<\/div>\n<\/div>\n<div id class=\"brz-css-h2B39 brz-css-daA5n brz-wrapper\">\n<div class=\"brz-line brz-line-default brz-css-xijb_ brz-css-sLVd4\" data-brz-custom-id=\"mSs9ReGnRiNj\">\n<hr class=\"brz-hr\"><\/div>\n<\/div>\n<div id class=\"brz-css-h2B39 brz-css-owzOo brz-wrapper\">\n<div class=\"brz-rich-text brz-rich-text__custom brz-css-dGiVJ\" data-brz-custom-id=\"mWFhlqestS5P\">\n<div data-brz-translate-text=\"1\">\n<p class=\"brz-text-lg-center brz-tp-lg-empty brz-ff-yrsa brz-ft-google brz-fs-lg-18 brz-fss-lg-px brz-fw-lg-400 brz-ls-lg-0 brz-lh-lg-1_3 brz-vfw-lg-400 brz-fwdth-lg-100 brz-fsft-lg-0 brz-css-aUoVJ\" data-uniq-id=\"bazwN\" data-generated-css=\"brz-css-hM5Aa\"><span class=\"brz-cp-color7\">5 chemin du Cher <\/span><\/p>\n<p class=\"brz-fs-lg-18 brz-text-lg-center brz-tp-lg-empty brz-ff-yrsa brz-ft-google brz-fss-lg-px brz-fw-lg-400 brz-ls-lg-0 brz-lh-lg-1_3 brz-vfw-lg-400 brz-fwdth-lg-100 brz-fsft-lg-0 brz-css-cwfJG\" data-uniq-id=\"ngz7P\" data-generated-css=\"brz-css-bsG7N\"><span class=\"brz-cp-color7\">06.66.91.65.75<\/span><\/p>\n<p class=\"brz-fs-lg-18 brz-text-lg-center brz-tp-lg-empty brz-ff-yrsa brz-ft-google brz-fss-lg-px brz-fw-lg-400 brz-ls-lg-0 brz-lh-lg-1_3 brz-vfw-lg-400 brz-fwdth-lg-100 brz-fsft-lg-0 brz-css-vNdHy\" data-uniq-id=\"tojl2\" data-generated-css=\"brz-css-awGbR\"><span class=\"brz-cp-color7\">forestpets37<\/span><span class=\"brz-cp-color7 brz-pre-population-visible\">@gmail.com<\/span><span class=\"brz-cp-color7\"> <\/span><\/p>\n<p class=\"brz-fs-lg-18 brz-text-lg-center brz-tp-lg-empty brz-ff-yrsa brz-ft-google brz-fss-lg-px brz-fw-lg-400 brz-ls-lg-0 brz-lh-lg-1_3 brz-vfw-lg-400 brz-fwdth-lg-100 brz-fsft-lg-0 brz-css-oRDaA\" data-uniq-id=\"lxvgD\" data-generated-css=\"brz-css-yMdVa\"><a class=\"link--external brz-cp-color7\" href=\"https:\/\/www.forestpets37.com\" data-brz-link-type=\"external\" target=\"_blank\">www.forestpets37.com<\/a><\/p>\n<\/div>\n<\/div>\n<\/div>\n<\/div>\n<\/div>\n<\/div>\n<\/div>\n<div id class=\"brz-css-h2B39 brz-css-cOp2c brz-css-ePgFU brz-wrapper\">\n<div class=\"brz-spacer brz-css-m_q4l brz-css-a8eP7\"><\/div>\n<\/div>\n<\/div>\n<\/div>\n<\/div>\n<\/div>\n<\/div>\n<\/div>\n<\/section>\n<section id=\"prmoftncggvjhrrmdwsvfbfvhcisurxbtton\" class=\"brz-section brz-css-pwh2P\">\n<div class=\"brz-section__content brz-section--fullWidth brz-css-jEpmb brz-css-jUJgp\" data-brz-custom-id=\"egjlptclddymuolgvhtixcqnhfmundieness\">\n<div class=\"brz-bg\">\n<div class=\"brz-bg-color\"><\/div>\n<\/div>\n<div class=\"brz-container brz-css-wvwHd brz-css-bI4Ho\">\n<div class=\"brz-row__container brz-css-aUQKO\" data-brz-custom-id=\"fYU1uQi6E9JC\">\n<div class=\"brz-bg\"><\/div>\n<div class=\"brz-row brz-css-fkClf brz-css-kAYkE\">\n<div class=\"brz-columns brz-css-alYPc brz-css-iydKx\" data-brz-custom-id=\"hoipND98JQOm\">\n<div class=\"brz-bg\"><\/div>\n<div class=\"brz-column__items brz-css-cByL6\">\n<div id class=\"brz-css-h2B39 brz-wrapper\">\n<div class=\"brz-rich-text brz-rich-text__custom brz-css-dGiVJ\" data-brz-custom-id=\"tEm6uqRVw24U\">\n<div data-brz-translate-text=\"1\">\n<p class=\"brz-tp-lg-paragraph brz-css-w2rIe\" data-uniq-id=\"t2wKg\" data-generated-css=\"brz-css-c89Bo\"><a class=\"brz-cp-color7 link--page\" href=\"\" data-brz-link-type=\"page\"><u>Mention l\u00e9gales<\/u><\/a><\/p>\n<\/div>\n<\/div>\n<\/div>\n<\/div>\n<\/div>\n<div class=\"brz-columns brz-css-alYPc brz-css-jOIvV\" data-brz-custom-id=\"pl1w48rkwDHJ\">\n<div class=\"brz-bg\"><\/div>\n<div class=\"brz-column__items brz-css-cByL6\">\n<div id class=\"brz-css-h2B39 brz-wrapper\">\n<div class=\"brz-rich-text brz-rich-text__custom brz-css-dGiVJ\" data-brz-custom-id=\"jKiOlEKXVaFz\">\n<div data-brz-translate-text=\"1\">\n<p class=\"brz-tp-lg-paragraph brz-css-m2_YS\" data-generated-css=\"brz-css-e2UdP\" data-uniq-id=\"jivj5\"><a class=\"brz-cp-color7 link--page\" href=\"\" data-brz-link-type=\"page\"><u>Contactez-nous<\/u><\/a><\/p>\n<\/div>\n<\/div>\n<\/div>\n<\/div>\n<\/div>\n<div class=\"brz-columns brz-css-alYPc\" data-brz-custom-id=\"hd719PUGCHY9\">\n<div class=\"brz-bg\"><\/div>\n<div class=\"brz-column__items brz-css-cByL6\">\n<div id class=\"brz-css-h2B39 brz-wrapper\">\n<div class=\"brz-rich-text brz-rich-text__custom brz-css-dGiVJ\" data-brz-custom-id=\"fEOyI8mrAUrq\">\n<div data-brz-translate-text=\"1\">\n<p class=\"brz-text-lg-center brz-tp-lg-paragraph brz-text-xs-center brz-css-sAm5T\" data-generated-css=\"brz-css-w1hrX\" data-uniq-id=\"rVnS0\"><span class=\"brz-cp-color7\" style=\"color: rgb(132, 139, 147);\">\u00a92026, C2A Azay-sur-Cher<\/span><\/p>\n<\/div>\n<\/div>\n<\/div>\n<\/div>\n<\/div>\n<div class=\"brz-columns brz-css-alYPc brz-css-rBUZU\" data-brz-custom-id=\"nTHsdPoPxLE7\">\n<div class=\"brz-bg\"><\/div>\n<div class=\"brz-column__items brz-css-cByL6\">\n<div id class=\"brz-css-h2B39 brz-css-gaAVK brz-wrapper\">\n<div class=\"brz-rich-text brz-rich-text__custom brz-css-dGiVJ\" data-brz-custom-id=\"qh6xc3KsQFkk\">\n<div data-brz-translate-text=\"1\">\n<p class=\"brz-text-lg-right brz-tp-lg-paragraph brz-text-xs-center brz-css-xOAad\" data-generated-css=\"brz-css-j1A98\" data-uniq-id=\"vx17R\"><span class=\"brz-cp-color7\">Contact : Mathieu &#8211; 06 58 32 83 43<\/span><\/p>\n<\/div>\n<\/div>\n<\/div>\n<\/div>\n<\/div>\n<\/div>\n<\/div>\n<\/div>\n<\/div>\n<\/section>\n<\/div>\n<p>    <!-- version:1777324661 --><\/p>\n","protected":false},"excerpt":{"rendered":"<p>Animaux ABC \u00c9DUCATION CANINE37 3 chemin du Petit Falaise 06.37.73.56.83 libereaualain@orange.fr www.abceducationcanine37.com FOREST PETS 37 \u00c9ducateur comportementaliste &#8211; Toilettage Canin &#8211; F\u00e9lin 5 chemin du Cher 06.66.91.65.75 forestpets37@gmail.com www.forestpets37.com Mention l\u00e9gales Contactez-nous \u00a92026, C2A Azay-sur-Cher Contact : Mathieu &#8211; 06 58 32 83 43<\/p>\n","protected":false},"author":1,"featured_media":0,"parent":5,"menu_order":0,"comment_status":"closed","ping_status":"closed","template":"brizy-blank-template.php","meta":{"footnotes":""},"class_list":["post-584","page","type-page","status-publish","hentry"],"_links":{"self":[{"href":"https:\/\/c2a-azaysurcher.fr\/index.php?rest_route=\/wp\/v2\/pages\/584","targetHints":{"allow":["GET"]}}],"collection":[{"href":"https:\/\/c2a-azaysurcher.fr\/index.php?rest_route=\/wp\/v2\/pages"}],"about":[{"href":"https:\/\/c2a-azaysurcher.fr\/index.php?rest_route=\/wp\/v2\/types\/page"}],"author":[{"embeddable":true,"href":"https:\/\/c2a-azaysurcher.fr\/index.php?rest_route=\/wp\/v2\/users\/1"}],"replies":[{"embeddable":true,"href":"https:\/\/c2a-azaysurcher.fr\/index.php?rest_route=%2Fwp%2Fv2%2Fcomments&post=584"}],"version-history":[{"count":5,"href":"https:\/\/c2a-azaysurcher.fr\/index.php?rest_route=\/wp\/v2\/pages\/584\/revisions"}],"predecessor-version":[{"id":3407,"href":"https:\/\/c2a-azaysurcher.fr\/index.php?rest_route=\/wp\/v2\/pages\/584\/revisions\/3407"}],"up":[{"embeddable":true,"href":"https:\/\/c2a-azaysurcher.fr\/index.php?rest_route=\/wp\/v2\/pages\/5"}],"wp:attachment":[{"href":"https:\/\/c2a-azaysurcher.fr\/index.php?rest_route=%2Fwp%2Fv2%2Fmedia&parent=584"}],"curies":[{"name":"wp","href":"https:\/\/api.w.org\/{rel}","templated":true}]}}