{"id":629,"date":"2024-08-13T01:08:07","date_gmt":"2024-08-13T01:08:07","guid":{"rendered":"https:\/\/c2a-azaysurcher.fr\/?page_id=629"},"modified":"2025-07-20T15:38:13","modified_gmt":"2025-07-20T15:38:13","slug":"hebergement","status":"publish","type":"page","link":"https:\/\/c2a-azaysurcher.fr\/?page_id=629","title":{"rendered":"H\u00e9bergement"},"content":{"rendered":"<div class=\"brz-root__container brz-reset-all\">\n<section id=\"uxVudMDL4T9N\" class=\"brz-section brz-css-nWTU9\">\n<div class=\"brz-section__content brz-section--boxed brz-css-vPJIu brz-css-jIq0I\" data-brz-custom-id=\"w55Frir8nLeL\">\n<div class=\"brz-bg\">\n<div class=\"brz-bg-color\"><\/div>\n<\/div>\n<div class=\"brz-container brz-css-yDOQg\">\n<div id class=\"brz-css-uxBq5 brz-wrapper\">\n<div class=\"brz-image brz-css-h6tOJ brz-css-jMYRZ\" data-brz-custom-id=\"rqVHfa51ybNS\"><a class=\"brz-a\" href=\"https:\/\/c2a-azaysurcher.fr\/\" target=\"_self\" rel=\"noopener\" data-brz-link-type=\"external\"><picture class=\"brz-picture brz-d-block brz-p-relative brz-css-s3oG1 brz-css-d3lIW\"><source srcset=\"https:\/\/c2a-azaysurcher.fr\/wp-content\/uploads\/2024\/05\/Logo-png-C2A-150x150.png 1x, https:\/\/c2a-azaysurcher.fr\/wp-content\/uploads\/2024\/05\/Logo-png-C2A-150x150.png 2x\" media=\"(min-width: 992px)\"><source srcset=\"https:\/\/c2a-azaysurcher.fr\/wp-content\/uploads\/2024\/05\/Logo-png-C2A-150x150.png 1x, https:\/\/c2a-azaysurcher.fr\/wp-content\/uploads\/2024\/05\/Logo-png-C2A-150x150.png 2x\" media=\"(min-width: 768px)\"><img decoding=\"async\" class=\"brz-img\" srcset=\"https:\/\/c2a-azaysurcher.fr\/wp-content\/uploads\/2024\/05\/Logo-png-C2A-150x150.png 1x, https:\/\/c2a-azaysurcher.fr\/wp-content\/uploads\/2024\/05\/Logo-png-C2A-150x150.png 2x\" src=\"https:\/\/c2a-azaysurcher.fr\/wp-content\/uploads\/2024\/05\/Logo-png-C2A-150x150.png\" alt=\"\" draggable=\"false\" loading=\"lazy\"><\/picture><\/a><\/div>\n<\/div>\n<\/div>\n<\/div>\n<\/section>\n<section id=\"s0YmGseVT6Jq\" class=\"brz-section brz-css-nWTU9\">\n<div class=\"brz-section__content brz-section--boxed brz-css-vPJIu brz-css-wDemx\" data-brz-custom-id=\"wmvCiKywyiuh\">\n<div class=\"brz-bg\">\n<div class=\"brz-bg-image\"><\/div>\n<div class=\"brz-bg-color\"><\/div>\n<\/div>\n<div class=\"brz-container brz-css-yDOQg\">\n<div class=\"brz-row__container brz-css-hIMBR\" data-brz-custom-id=\"sKyg4Bxmy8R7\">\n<div class=\"brz-bg\"><\/div>\n<div class=\"brz-row brz-css-q1tQe brz-css-urzj3\">\n<div class=\"brz-columns brz-css-pkUiS brz-css-rToEI\" data-brz-custom-id=\"bVPur5u5w3QP\">\n<div class=\"brz-bg\"><\/div>\n<div class=\"brz-column__items brz-css-sJHQ9\">\n<div class=\"brz-wrapper-clone brz-css-xHtEx\">\n<div class=\"brz-d-xs-flex brz-flex-xs-wrap brz-css-o1HQ6\" data-brz-custom-id>\n<div class=\"brz-wrapper-clone__item\" id=\"yS07d_VPnznW\">\n<div class=\"brz-icon__container\" data-brz-custom-id=\"yS07d_VPnznW\"><span class=\"brz-icon brz-span brz-css-bA_P2 brz-css-uBivC\"><svg xmlns=\"http:\/\/www.w3.org\/2000\/svg\" viewbox=\"0 0 640 512\" class=\"brz-icon-svg align-[initial]\" data-type=\"fa\" data-name=\"people-roof\"><!--! Font Awesome Free 6.4.0 by @fontawesome - https:\/\/fontawesome.com License - https:\/\/fontawesome.com\/license\/free (Icons: CC BY 4.0, Fonts: SIL OFL 1.1, Code: MIT License) Copyright 2023 Fonticons, Inc.--><path d=\"m335.5 4 288 160c15.4 8.6 21 28.1 12.4 43.5s-28.1 21-43.5 12.4L320 68.6 47.5 220c-15.4 8.6-34.9 3-43.5-12.4s-3-34.9 12.4-43.5L304.5 4c9.7-5.4 21.4-5.4 31.1 0zM320 160a40 40 0 1 1 0 80 40 40 0 1 1 0-80zm-176 96a40 40 0 1 1 0 80 40 40 0 1 1 0-80zm312 40a40 40 0 1 1 80 0 40 40 0 1 1-80 0zM226.9 491.4 200 441.5V480c0 17.7-14.3 32-32 32h-48c-17.7 0-32-14.3-32-32v-38.5l-26.9 49.9c-6.3 11.7-20.8 16-32.5 9.8s-16-20.8-9.8-32.5l37.9-70.3c15.3-28.5 45.1-46.3 77.5-46.3h19.5c16.3 0 31.9 4.5 45.4 12.6l33.6-62.3c15.3-28.5 45.1-46.3 77.5-46.3h19.5c32.4 0 62.1 17.8 77.5 46.3l33.6 62.3c13.5-8.1 29.1-12.6 45.4-12.6h19.5c32.4 0 62.1 17.8 77.5 46.3l37.9 70.3c6.3 11.7 1.9 26.2-9.8 32.5s-26.2 1.9-32.5-9.8L552 441.5V480c0 17.7-14.3 32-32 32h-48c-17.7 0-32-14.3-32-32v-38.5l-26.9 49.9c-6.3 11.7-20.8 16-32.5 9.8s-16-20.8-9.8-32.5l36.3-67.5c-1.7-1.7-3.2-3.6-4.3-5.8L376 345.5V400c0 17.7-14.3 32-32 32h-48c-17.7 0-32-14.3-32-32v-54.5l-26.9 49.9c-1.2 2.2-2.6 4.1-4.3 5.8l36.3 67.5c6.3 11.7 1.9 26.2-9.8 32.5s-26.2 1.9-32.5-9.8z\"\/><\/svg><\/span><\/div>\n<\/div>\n<\/div>\n<\/div>\n<div id class=\"brz-css-uxBq5 brz-wrapper\">\n<div class=\"brz-rich-text brz-rich-text__custom brz-css-uS9af\" data-brz-custom-id=\"lMFJ0Ndn7T2N\">\n<div data-brz-translate-text=\"1\">\n<p class=\"brz-text-lg-center brz-tp-lg-empty brz-ff-oleo_script brz-ft-google brz-fs-lg-48 brz-fss-lg-px brz-fw-lg-400 brz-ls-lg-0 brz-lh-lg-1 brz-vfw-lg-400 brz-fwdth-lg-100 brz-fsft-lg-0 brz-css-tbqHq\" data-uniq-id=\"bWJyc\" data-generated-css=\"brz-css-sfK_D\"><span class=\"brz-cp-color5\" style=\"color: rgba(var(--brz-global-color5),1);\">H\u00e9bergement<\/span><\/p>\n<\/div>\n<\/div>\n<\/div>\n<\/div>\n<\/div>\n<\/div>\n<\/div>\n<\/div>\n<\/div>\n<\/section>\n<section id=\"oZ1OGuTZ6Xyp\" class=\"brz-section brz-css-nWTU9\">\n<div class=\"brz-section__content brz-section--boxed brz-css-vPJIu brz-css-v4bRN\" data-brz-custom-id=\"eoxuuOPXZI0L\">\n<div class=\"brz-container brz-css-yDOQg\">\n<div class=\"brz-row__container brz-css-hIMBR\" data-brz-custom-id=\"s5ptBURQ1pk6\">\n<div class=\"brz-bg\"><\/div>\n<div class=\"brz-row brz-css-q1tQe brz-css-urzj3\">\n<div class=\"brz-columns brz-css-pkUiS brz-css-wDvUx\" data-brz-custom-id=\"rSViiwWpxSpy\">\n<div class=\"brz-bg\"><\/div>\n<div class=\"brz-column__items brz-css-sJHQ9 brz-css-r5Puo\">\n<div class=\"brz-row__container brz-css-hIMBR\" data-brz-custom-id=\"lbs8NYfpAEvx\">\n<div class=\"brz-bg\"><\/div>\n<div class=\"brz-row brz-row--inner brz-css-q1tQe brz-css-urzj3\">\n<div class=\"brz-columns brz-css-pkUiS brz-css-gKe8j\" data-brz-custom-id=\"doEdIf4GQ4kE\">\n<div class=\"brz-bg\">\n<div class=\"brz-bg-color\"><\/div>\n<\/div>\n<div class=\"brz-column__items brz-css-sJHQ9 brz-css-kOkEp\">\n<div id class=\"brz-css-uxBq5 brz-css-u9NCB brz-wrapper\">\n<div class=\"brz-image brz-css-zbDb7 brz-css-c4xRU\" data-brz-custom-id=\"sX7uoQ1oCfDe\"><picture class=\"brz-picture brz-d-block brz-p-relative brz-css-mZhT5\"><source srcset=\"https:\/\/c2a-azaysurcher.fr\/wp-content\/uploads\/brizy\/imgs\/7211e6294f947d54aadd4008250039d7d8c2a961-449x337x57x0x336x337x1723511267.jpg 1x, https:\/\/c2a-azaysurcher.fr\/wp-content\/uploads\/brizy\/imgs\/7211e6294f947d54aadd4008250039d7d8c2a961-898x674x114x0x672x674x1723511267.jpg 2x\" media=\"(min-width: 992px)\"><source srcset=\"https:\/\/c2a-azaysurcher.fr\/wp-content\/uploads\/brizy\/imgs\/7211e6294f947d54aadd4008250039d7d8c2a961-373x280x47x0x279x280x1723511267.jpg 1x, https:\/\/c2a-azaysurcher.fr\/wp-content\/uploads\/brizy\/imgs\/7211e6294f947d54aadd4008250039d7d8c2a961-746x560x94x0x558x560x1723511267.jpg 2x\" media=\"(min-width: 768px)\"><img decoding=\"async\" class=\"brz-img\" srcset=\"https:\/\/c2a-azaysurcher.fr\/wp-content\/uploads\/brizy\/imgs\/7211e6294f947d54aadd4008250039d7d8c2a961-133x99x17x0x99x99x1723511267.jpg 1x, https:\/\/c2a-azaysurcher.fr\/wp-content\/uploads\/brizy\/imgs\/7211e6294f947d54aadd4008250039d7d8c2a961-266x198x34x0x198x198x1723511267.jpg 2x\" src=\"https:\/\/c2a-azaysurcher.fr\/wp-content\/uploads\/brizy\/imgs\/7211e6294f947d54aadd4008250039d7d8c2a961-449x337x57x0x336x337x1723511267.jpg\" alt=\"\" draggable=\"false\" loading=\"lazy\"><\/picture><\/div>\n<\/div>\n<div id class=\"brz-css-uxBq5 brz-css-s7wGo brz-wrapper\">\n<div class=\"brz-rich-text brz-rich-text__custom brz-css-uS9af\" data-brz-custom-id=\"fCgWuAFAsP6x\">\n<div data-brz-translate-text=\"1\">\n<h6 class=\"brz-fs-lg-21 brz-ft-google brz-ff-fira_sans brz-tp-lg-empty brz-fsft-lg-0 brz-fwdth-lg-100 brz-vfw-lg-400 brz-lh-lg-1_4 brz-ls-lg-0 brz-fw-lg-500 brz-fss-lg-px brz-text-lg-center brz-css-g_7Ob\" data-generated-css=\"brz-css-oETna\" data-uniq-id=\"gFXRP\"><span class=\"brz-cp-color2\">G\u00ceTE &#8220;\u00d4 PRESSOIR D&#8217;AZAY&#8221;<\/span><\/h6>\n<\/div>\n<\/div>\n<\/div>\n<div id class=\"brz-css-uxBq5 brz-css-gUFn5 brz-wrapper\">\n<div class=\"brz-rich-text brz-rich-text__custom brz-css-uS9af\" data-brz-custom-id=\"zw1OK7KSKO9j\">\n<div data-brz-translate-text=\"1\">\n<p class=\"brz-text-lg-center brz-tp-lg-empty brz-ff-yrsa brz-ft-google brz-fs-lg-19 brz-fss-lg-px brz-fw-lg-400 brz-ls-lg-0_5 brz-lh-lg-1_3 brz-vfw-lg-400 brz-fwdth-lg-100 brz-fsft-lg-0 brz-css-uHcqe\" data-uniq-id=\"ivVAI\" data-generated-css=\"brz-css-kdnlT\"><span class=\"brz-cp-color7\" style=\"color: rgba(var(--brz-global-color7),0.91);\">Maison individuelle pour 2 personnes<\/span><\/p>\n<\/div>\n<\/div>\n<\/div>\n<div id class=\"brz-css-uxBq5 brz-css-tXgtz brz-wrapper\">\n<div class=\"brz-line brz-line-default brz-css-oISFO brz-css-mubhQ\" data-brz-custom-id=\"eigERGNZAakm\">\n<hr class=\"brz-hr\"><\/div>\n<\/div>\n<div id class=\"brz-css-uxBq5 brz-css-r4CxJ brz-wrapper\">\n<div class=\"brz-rich-text brz-rich-text__custom brz-css-uS9af\" data-brz-custom-id=\"ljri9z_v7TeZ\">\n<div data-brz-translate-text=\"1\">\n<p class=\"brz-fsft-lg-0 brz-fwdth-lg-100 brz-vfw-lg-400 brz-lh-lg-1_3 brz-ls-lg-0 brz-fw-lg-400 brz-fss-lg-px brz-fs-lg-18 brz-ft-google brz-ff-yrsa brz-tp-lg-empty brz-text-lg-center brz-css-m1RXO\" data-generated-css=\"brz-css-h8gXF\" data-uniq-id=\"gHEe9\"><span class=\"brz-cp-color7\">5 rue de la Poste &#8211; Azay\/Cher <\/span><\/p>\n<p class=\"brz-fs-lg-18 brz-ft-google brz-ff-yrsa brz-tp-lg-empty brz-fsft-lg-0 brz-fwdth-lg-100 brz-vfw-lg-400 brz-lh-lg-1_3 brz-ls-lg-0 brz-fw-lg-400 brz-fss-lg-px brz-text-lg-center brz-css-mSDu4\" data-generated-css=\"brz-css-z05bm\" data-uniq-id=\"nuFGV\"><span class=\"brz-cp-color7\">06.35.14.28.35<\/span><\/p>\n<p class=\"brz-fsft-lg-0 brz-fwdth-lg-100 brz-vfw-lg-400 brz-lh-lg-1_3 brz-ls-lg-0 brz-fw-lg-400 brz-fss-lg-px brz-fs-lg-18 brz-ft-google brz-ff-yrsa brz-tp-lg-empty brz-text-lg-center brz-css-gXj_8\" data-generated-css=\"brz-css-z05bm\" data-uniq-id=\"nuFGV\"><span class=\"brz-cp-color7\">bournais.mi<\/span><span class=\"brz-cp-color7 brz-pre-population-visible\">@gmail.com<\/span><span class=\"brz-cp-color7\"> <\/span><\/p>\n<\/div>\n<\/div>\n<\/div>\n<div id class=\"brz-css-uxBq5 brz-css-zuwJy brz-wrapper\">\n<div class=\"brz-spacer brz-css-aMXO9 brz-css-l6aBp\"><\/div>\n<\/div>\n<\/div>\n<\/div>\n<\/div>\n<\/div>\n<div id class=\"brz-css-uxBq5 brz-css-zuwJy brz-css-sv8UI brz-wrapper\">\n<div class=\"brz-spacer brz-css-aMXO9 brz-css-fWWkt\"><\/div>\n<\/div>\n<\/div>\n<\/div>\n<\/div>\n<\/div>\n<\/div>\n<\/div>\n<\/section>\n<section id=\"mGqo6MwIXeD8\" class=\"brz-section brz-css-nWTU9\">\n<div class=\"brz-section__content brz-section--fullWidth brz-css-vPJIu brz-css-iaSdo\" data-brz-custom-id=\"dW1xUrt7JFnl\">\n<div class=\"brz-bg\">\n<div class=\"brz-bg-color\"><\/div>\n<\/div>\n<div class=\"brz-container brz-css-yDOQg brz-css-p_Zy0\">\n<div class=\"brz-row__container brz-css-hIMBR\" data-brz-custom-id=\"zvIAn5WG4GO3\">\n<div class=\"brz-bg\"><\/div>\n<div class=\"brz-row brz-css-q1tQe brz-css-urzj3\">\n<div class=\"brz-columns brz-css-pkUiS\" data-brz-custom-id=\"l2nn9CQf46m5\">\n<div class=\"brz-bg\"><\/div>\n<div class=\"brz-column__items brz-css-sJHQ9\">\n<div id class=\"brz-css-uxBq5 brz-wrapper\">\n<div class=\"brz-rich-text brz-rich-text__custom brz-css-uS9af\" data-brz-custom-id=\"x8nNjwqv2vFi\">\n<div data-brz-translate-text=\"1\">\n<p class=\"brz-tp-lg-paragraph brz-css-xWlCk\" data-uniq-id=\"qREIc\" data-generated-css=\"brz-css-lEZok\"><span class=\"brz-cp-color7\" style=\"color: rgb(132, 139, 147);\">\u00a92024, C2A Azay-sur-Cher<\/span><\/p>\n<\/div>\n<\/div>\n<\/div>\n<\/div>\n<\/div>\n<div class=\"brz-columns brz-css-pkUiS\" data-brz-custom-id=\"vElrjjG7N4iN\">\n<div class=\"brz-bg\"><\/div>\n<div class=\"brz-column__items brz-css-sJHQ9\">\n<div id class=\"brz-css-uxBq5 brz-css-qyE6S brz-wrapper\">\n<div class=\"brz-rich-text brz-rich-text__custom brz-css-uS9af\" data-brz-custom-id=\"ak5EbrpAzhCI\">\n<div data-brz-translate-text=\"1\">\n<p class=\"brz-tp-lg-paragraph brz-text-lg-right brz-css-mZp5L\" data-uniq-id=\"iNLq4\" data-generated-css=\"brz-css-qFYMz\"><span class=\"brz-cp-color7\">Contact : Jean Pierre &#8211; 06 46 26 63 45<\/span><\/p>\n<\/div>\n<\/div>\n<\/div>\n<\/div>\n<\/div>\n<\/div>\n<\/div>\n<\/div>\n<\/div>\n<\/section>\n<\/div>\n<p>    <!-- version:1753025893 --><\/p>\n","protected":false},"excerpt":{"rendered":"<p>H\u00e9bergement G\u00ceTE &#8220;\u00d4 PRESSOIR D&#8217;AZAY&#8221; Maison individuelle pour 2 personnes 5 rue de la Poste &#8211; Azay\/Cher 06.35.14.28.35 bournais.mi@gmail.com \u00a92024, C2A Azay-sur-Cher Contact : Jean Pierre &#8211; 06 46 26 63 45<\/p>\n","protected":false},"author":1,"featured_media":0,"parent":5,"menu_order":0,"comment_status":"closed","ping_status":"closed","template":"brizy-blank-template.php","meta":{"footnotes":""},"class_list":["post-629","page","type-page","status-publish","hentry"],"_links":{"self":[{"href":"https:\/\/c2a-azaysurcher.fr\/index.php?rest_route=\/wp\/v2\/pages\/629","targetHints":{"allow":["GET"]}}],"collection":[{"href":"https:\/\/c2a-azaysurcher.fr\/index.php?rest_route=\/wp\/v2\/pages"}],"about":[{"href":"https:\/\/c2a-azaysurcher.fr\/index.php?rest_route=\/wp\/v2\/types\/page"}],"author":[{"embeddable":true,"href":"https:\/\/c2a-azaysurcher.fr\/index.php?rest_route=\/wp\/v2\/users\/1"}],"replies":[{"embeddable":true,"href":"https:\/\/c2a-azaysurcher.fr\/index.php?rest_route=%2Fwp%2Fv2%2Fcomments&post=629"}],"version-history":[{"count":5,"href":"https:\/\/c2a-azaysurcher.fr\/index.php?rest_route=\/wp\/v2\/pages\/629\/revisions"}],"predecessor-version":[{"id":1757,"href":"https:\/\/c2a-azaysurcher.fr\/index.php?rest_route=\/wp\/v2\/pages\/629\/revisions\/1757"}],"up":[{"embeddable":true,"href":"https:\/\/c2a-azaysurcher.fr\/index.php?rest_route=\/wp\/v2\/pages\/5"}],"wp:attachment":[{"href":"https:\/\/c2a-azaysurcher.fr\/index.php?rest_route=%2Fwp%2Fv2%2Fmedia&parent=629"}],"curies":[{"name":"wp","href":"https:\/\/api.w.org\/{rel}","templated":true}]}}