{"id":722,"date":"2024-08-19T19:03:54","date_gmt":"2024-08-19T19:03:54","guid":{"rendered":"https:\/\/c2a-azaysurcher.fr\/?page_id=722"},"modified":"2024-12-07T21:44:09","modified_gmt":"2024-12-07T21:44:09","slug":"mentions-legales","status":"publish","type":"page","link":"https:\/\/c2a-azaysurcher.fr\/?page_id=722","title":{"rendered":"Mentions l\u00e9gales"},"content":{"rendered":"<div class=\"brz-root__container brz-reset-all\">\n<section id=\"cWOLECAwA9ea\" class=\"brz-section brz-css-xkAL8\">\n<div class=\"brz-section__content brz-section--boxed brz-css-pag_v brz-css-hOB6O\" data-brz-custom-id=\"seZTu3UIGgcX\">\n<div class=\"brz-bg\">\n<div class=\"brz-bg-color\"><\/div>\n<\/div>\n<div class=\"brz-container brz-css-dtpM6\">\n<div id class=\"brz-css-xZtzt brz-wrapper\">\n<div class=\"brz-image brz-css-z_DYQ brz-css-k0yxm\" data-brz-custom-id=\"mfcysFvb3OTh\"><a class=\"brz-a\" href=\"https:\/\/c2a-azaysurcher.fr\/\" target=\"_self\" rel=\"noopener\" data-brz-link-type=\"external\"><img decoding=\"async\" class=\"brz-img\" src=\"https:\/\/c2a-azaysurcher.fr\/wp-content\/uploads\/2024\/05\/Logo-png-C2A-150x150.png\" alt=\"\" loading=\"lazy\"><\/a><\/div>\n<\/div>\n<\/div>\n<\/div>\n<\/section>\n<section id=\"gUEoiuMBVjt7\" class=\"brz-section brz-css-xkAL8\">\n<div class=\"brz-section__content brz-section--boxed brz-css-pag_v brz-css-vns6j\" data-brz-custom-id=\"kPtG_zmjAUvu\">\n<div class=\"brz-container brz-css-dtpM6 brz-css-bKcVw\">\n<div class=\"brz-row__container brz-css-r5NhT\" data-brz-custom-id=\"ecRAmlOO9Oqu\">\n<div class=\"brz-bg\"><\/div>\n<div class=\"brz-row brz-css-bvK10\">\n<div class=\"brz-columns brz-css-p3wjd brz-css-jfqKv\" data-brz-custom-id=\"szIyfBhjc_rS\">\n<div class=\"brz-bg\"><\/div>\n<div class=\"brz-column__items brz-css-iOSEN\">\n<div id class=\"brz-css-xZtzt brz-css-rxKw1 brz-wrapper\">\n<div class=\"brz-spacer brz-css-k3BfX\"><\/div>\n<\/div>\n<\/div>\n<\/div>\n<div class=\"brz-columns brz-css-p3wjd brz-css-nregy\" data-brz-custom-id=\"nPYFFhavLx73\">\n<div class=\"brz-bg\"><\/div>\n<div class=\"brz-column__items brz-css-iOSEN brz-css-icv_r\">\n<div id class=\"brz-css-xZtzt brz-wrapper\">\n<div class=\"brz-rich-text brz-rich-text__custom brz-css-tzIuf\" data-brz-custom-id=\"yLnsO_w8oon0\">\n<div data-brz-translate-text=\"1\">\n<h3 class=\"brz-tp-lg-heading3 brz-css-bVw_M\" data-uniq-id=\"zoSpM\" data-generated-css=\"brz-css-x7Mnd\"><span class=\"brz-cp-color2\">Mentions l\u00e9gales<\/span><\/h3>\n<\/div>\n<\/div>\n<\/div>\n<div id class=\"brz-css-xZtzt brz-wrapper\">\n<div class=\"brz-rich-text brz-rich-text__custom brz-css-tzIuf\" data-brz-custom-id=\"zzvYlMm3Axpi\">\n<div data-brz-translate-text=\"1\">\n<p class=\"brz-tp-lg-paragraph brz-css-qA3Im\" data-uniq-id=\"xlq41\" data-generated-css=\"brz-css-ahytT\"><span class=\"brz-cp-color7\">Raison sociale : C2A<\/span><\/p>\n<p class=\"brz-tp-lg-paragraph brz-css-opK_2\" data-uniq-id=\"xlq41\" data-generated-css=\"brz-css-ahytT\"><span class=\"brz-cp-color7\">Enseigne : C2A<\/span><\/p>\n<p class=\"brz-tp-lg-paragraph brz-css-eJxNh\" data-uniq-id=\"xlq41\" data-generated-css=\"brz-css-ahytT\"><span class=\"brz-cp-color7\">Forme juridique : Association Loi 1901<\/span><\/p>\n<p class=\"brz-tp-lg-paragraph brz-css-yIYwp\" data-uniq-id=\"xlq41\" data-generated-css=\"brz-css-ahytT\"><span class=\"brz-cp-color7\">Adresse : 17 grande Rue \u2013 Maire d\u2019Azay-sur-Cher &#8211; 37270 AZAY-SUR-CHER<\/span><\/p>\n<p class=\"brz-tp-lg-paragraph brz-css-so2lO\" data-uniq-id=\"xlq41\" data-generated-css=\"brz-css-ahytT\"><span class=\"brz-cp-color7\">SIRET : 925&nbsp;170&nbsp;219 00016<\/span><\/p>\n<p class=\"brz-tp-lg-paragraph brz-css-uPgkk\" data-uniq-id=\"xlq41\" data-generated-css=\"brz-css-ahytT\"><span class=\"brz-cp-color7\">Num\u00e9ro Pr\u00e9fecture \u00ab&nbsp;RNA&nbsp;\u00bb&nbsp;: W372000887<\/span><\/p>\n<\/div>\n<\/div>\n<\/div>\n<div id class=\"brz-css-xZtzt brz-wrapper\">\n<div class=\"brz-rich-text brz-rich-text__custom brz-css-tzIuf\" data-brz-custom-id=\"u7HoPUBEaIMm\">\n<div data-brz-translate-text=\"1\">\n<p class=\"brz-tp-lg-paragraph brz-css-pLHEa\" data-uniq-id=\"i51wh\" data-generated-css=\"brz-css-lOpr5\"><span class=\"brz-cp-color7\">Le site Internet :<\/span><\/p>\n<p class=\"brz-tp-lg-paragraph brz-css-cGR2T\" data-uniq-id=\"qeaym\" data-generated-css=\"brz-css-nvi7J\"><span class=\"brz-cp-color7\">www.c2a-azaysurcher.fr est le site de l\u2019association C2A.<\/span><\/p>\n<p class=\"brz-tp-lg-paragraph brz-css-mSdSj\" data-uniq-id=\"z4XaV\" data-generated-css=\"brz-css-jOQmN\"><span class=\"brz-cp-color7\">Directeur de publication : M. Jean-Pierre Dumont<\/span><\/p>\n<p data-uniq-id=\"gMGQH\" data-generated-css=\"brz-css-sA_VD\" class=\"brz-tp-lg-empty brz-ff-yrsa brz-ft-google brz-fs-lg-16 brz-fss-lg-px brz-fw-lg-400 brz-ls-lg-0 brz-lh-lg-1_7 brz-vfw-lg-400 brz-fwdth-lg-100 brz-fsft-lg-0 brz-css-xkqNN\"><span class=\"brz-cp-color7\">H\u00e9bergement Web : Namecheap, Inc.<\/span><\/p>\n<p class=\"brz-tp-lg-paragraph brz-css-lMG7O\" data-uniq-id=\"cK0ut\" data-generated-css=\"brz-css-ezq0R\"><span class=\"brz-cp-color7\">Conception graphique et d\u00e9veloppement : Hugo Schmitz<\/span><\/p>\n<p class=\"brz-tp-lg-paragraph brz-css-rgbck\" data-uniq-id=\"pDx78\" data-generated-css=\"brz-css-cWPeY\"><span class=\"brz-cp-color7\">Maintenance du site : Hugo Schmitz<\/span><\/p>\n<\/div>\n<\/div>\n<\/div>\n<div id class=\"brz-css-xZtzt brz-wrapper\">\n<div class=\"brz-rich-text brz-rich-text__custom brz-css-tzIuf\" data-brz-custom-id=\"bUdWzRo94hYu\">\n<div data-brz-translate-text=\"1\">\n<h3 class=\"brz-tp-lg-heading3 brz-css-uJfxO\" data-generated-css=\"brz-css-lOVzn\" data-uniq-id=\"kHsLY\"><span class=\"brz-cp-color2\">Droits d\u2019auteur &amp; Copyright<\/span><\/h3>\n<\/div>\n<\/div>\n<\/div>\n<div id class=\"brz-css-xZtzt brz-wrapper\">\n<div class=\"brz-rich-text brz-rich-text__custom brz-css-tzIuf\" data-brz-custom-id=\"rnbPf5bkBYbk\">\n<div data-brz-translate-text=\"1\">\n<p class=\"brz-tp-lg-paragraph brz-css-qplOW\" data-generated-css=\"brz-css-xUcBC\" data-uniq-id=\"yEJwO\"><span class=\"brz-cp-color7\">L\u2019ensemble de ce site rel\u00e8ve de la l\u00e9gislation fran\u00e7aise et internationale sur le droit d\u2019auteur et la propri\u00e9t\u00e9 intellectuelle. Tous les droits de reproduction sont r\u00e9serv\u00e9s, y compris les documents t\u00e9l\u00e9chargeables et les repr\u00e9sentations iconographiques et photographiques. La reproduction de tout ou partie de ce site sur un support \u00e9lectronique, quel qu\u2019il soit, est formellement interdite, sauf autorisation expresse du directeur de la publication. La mise en place d\u2019un lien hypertexte vers le site Internet www.c2a-azaysurcher.fr n\u00e9cessite une autorisation pr\u00e9alable et \u00e9crite \u00e0 l\u2019association C2A.<\/span><\/p>\n<\/div>\n<\/div>\n<\/div>\n<div id class=\"brz-css-xZtzt brz-wrapper\">\n<div class=\"brz-rich-text brz-rich-text__custom brz-css-tzIuf\" data-brz-custom-id=\"vR84SPKeQJyG\">\n<div data-brz-translate-text=\"1\">\n<h3 class=\"brz-tp-lg-heading3 brz-css-w7tsx\" data-uniq-id=\"nrrpt\" data-generated-css=\"brz-css-ggrGs\"><span class=\"brz-cp-color2\">Protection des donn\u00e9es personnelles<\/span><\/h3>\n<\/div>\n<\/div>\n<\/div>\n<div id class=\"brz-css-xZtzt brz-wrapper\">\n<div class=\"brz-rich-text brz-rich-text__custom brz-css-tzIuf\" data-brz-custom-id=\"vhK2j2N3OUsU\">\n<div data-brz-translate-text=\"1\">\n<p class=\"brz-tp-lg-paragraph brz-css-dJWvp\" data-generated-css=\"brz-css-psS6X\" data-uniq-id=\"a9xjP\"><span class=\"brz-cp-color7\">Aucune information personnelle n\u2019est collect\u00e9e \u00e0 votre insu, n\u2019est c\u00e9d\u00e9e \u00e0 des tiers et n\u2019est utilis\u00e9e \u00e0 des fins non pr\u00e9vues. Conform\u00e9ment \u00e0 l\u2019article 27 de la loi n\u00b078-17 du 6 janvier 1978 relative \u00e0 l\u2019informatique, aux fichiers et aux libert\u00e9s, vous disposez d\u2019un droit d\u2019acc\u00e8s vous concernant aupr\u00e8s du responsable de la publication et ce dans les conditions requises par l\u2019article 34 de ladite loi. Pour exercer ce droit, l\u2019adh\u00e9rant peut envoyer un courrier \u00e9lectronique \u00e0 c2a37270@gmail.com.<\/span><\/p>\n<\/div>\n<\/div>\n<\/div>\n<div id class=\"brz-css-xZtzt brz-wrapper\">\n<div class=\"brz-rich-text brz-rich-text__custom brz-css-tzIuf\" data-brz-custom-id=\"hBP4VcaM_Uit\">\n<div data-brz-translate-text=\"1\">\n<h3 class=\"brz-tp-lg-heading3 brz-css-oe_X_\" data-uniq-id=\"cxB3b\" data-generated-css=\"brz-css-rx_kA\"><span class=\"brz-cp-color2\">Modification du site<\/span><\/h3>\n<\/div>\n<\/div>\n<\/div>\n<div id class=\"brz-css-xZtzt brz-wrapper\">\n<div class=\"brz-rich-text brz-rich-text__custom brz-css-tzIuf\" data-brz-custom-id=\"y_wUHwSjGTjD\">\n<div data-brz-translate-text=\"1\">\n<p class=\"brz-tp-lg-paragraph brz-css-uZyeZ\" data-generated-css=\"brz-css-esCQe\" data-uniq-id=\"x1bWV\"><span class=\"brz-cp-color7\">L\u2019\u00e9quipe \u00e9ditoriale se r\u00e9serve le droit de modifier ou de corriger le contenu de ce site et cette mention l\u00e9gale \u00e0 tout moment et ceci sans pr\u00e9avis.<\/span><\/p>\n<\/div>\n<\/div>\n<\/div>\n<div id class=\"brz-css-xZtzt brz-wrapper\">\n<div class=\"brz-rich-text brz-rich-text__custom brz-css-tzIuf\" data-brz-custom-id=\"bV3X07jW7KEr\">\n<div data-brz-translate-text=\"1\">\n<h3 class=\"brz-tp-lg-heading3 brz-css-ku5Nx\" data-uniq-id=\"m0bbq\" data-generated-css=\"brz-css-m87TD\"><span class=\"brz-cp-color2\">Liens \u00e0 d\u2019autres sites Internet<\/span><\/h3>\n<\/div>\n<\/div>\n<\/div>\n<div id class=\"brz-css-xZtzt brz-wrapper\">\n<div class=\"brz-rich-text brz-rich-text__custom brz-css-tzIuf\" data-brz-custom-id=\"qjuv3gVdcJn6\">\n<div data-brz-translate-text=\"1\">\n<p class=\"brz-tp-lg-paragraph brz-css-jUxZR\" data-generated-css=\"brz-css-zUrEW\" data-uniq-id=\"bnZqb\"><span class=\"brz-cp-color7\">Les liens vers d\u2019autres sites Internet pr\u00e9sents sur ce site sont fournis exclusivement pour vous fournir une information la plus compl\u00e8te. C2A a v\u00e9rifi\u00e9 la page point\u00e9e par le lien actif mais il ne contr\u00f4le ni n\u2019est responsable de ces sites ou de leur contenu. Pour cette raison, nous d\u00e9clinons toute responsabilit\u00e9 concernant ces sites ou les informations y figurant, les logiciels ou autres documents qui s\u2019y trouvent ou concernant les cons\u00e9quences de leur utilisation. Si vous d\u00e9cidez d\u2019acc\u00e9der \u00e0 des sites externes reli\u00e9s \u00e0 notre site, vous le faites sous votre enti\u00e8re responsabilit\u00e9.<\/span><\/p>\n<\/div>\n<\/div>\n<\/div>\n<div id class=\"brz-css-xZtzt brz-wrapper\">\n<div class=\"brz-rich-text brz-rich-text__custom brz-css-tzIuf\" data-brz-custom-id=\"mGfdxxYUxXcj\">\n<div data-brz-translate-text=\"1\">\n<h3 class=\"brz-tp-lg-heading3 brz-css-uB8Gm\" data-generated-css=\"brz-css-tCQFQ\" data-uniq-id=\"yvbkM\"><span class=\"brz-cp-color2\">Exon\u00e9ration de responsabilit\u00e9<\/span><\/h3>\n<\/div>\n<\/div>\n<\/div>\n<div id class=\"brz-css-xZtzt brz-wrapper\">\n<div class=\"brz-rich-text brz-rich-text__custom brz-css-tzIuf\" data-brz-custom-id=\"cADbzCuxe0Qw\">\n<div data-brz-translate-text=\"1\">\n<p class=\"brz-tp-lg-paragraph brz-css-q5vWN\" data-generated-css=\"brz-css-mLtGi\" data-uniq-id=\"ffcIe\"><span class=\"brz-cp-color7\">Il appartient \u00e0 l\u2019utilisateur de ce site de prendre toutes les mesures appropri\u00e9es de fa\u00e7on \u00e0 prot\u00e9ger ses propres donn\u00e9es et\/ou logiciels de contamination par d\u2019\u00e9ventuels virus circulant sur le r\u00e9seau Internet. C2A ne pourra \u00eatre tenu responsable des dommages directs ou indirects r\u00e9sultant de l\u2019usage de ce site Internet ou d\u2019autres sites qui lui sont li\u00e9s, notamment du fait de non-acc\u00e8s \u00e0 son site, de dysfonctionnements li\u00e9s au r\u00e9seau Internet, \u00e0 l\u2019h\u00e9bergeur du site ou l\u2019h\u00e9bergeur d\u2019une partie du site ou d\u2019interruption de service pour cause de maintenance ou de mise \u00e0 jour. Ce site Internet est r\u00e9gi par le droit fran\u00e7ais.<\/span><\/p>\n<\/div>\n<\/div>\n<\/div>\n<div id class=\"brz-css-xZtzt brz-wrapper\">\n<div class=\"brz-rich-text brz-rich-text__custom brz-css-tzIuf\" data-brz-custom-id=\"js2ysKlijfU2\">\n<div data-brz-translate-text=\"1\">\n<h3 class=\"brz-tp-lg-heading3 brz-css-e8pHs\" data-generated-css=\"brz-css-d49k1\" data-uniq-id=\"aib23\"><span class=\"brz-cp-color2\">H\u00e9bergement<\/span><\/h3>\n<\/div>\n<\/div>\n<\/div>\n<div id class=\"brz-css-xZtzt brz-wrapper\">\n<div class=\"brz-rich-text brz-rich-text__custom brz-css-tzIuf\" data-brz-custom-id=\"kplxkJY_aTIn\">\n<div data-brz-translate-text=\"1\">\n<p class=\"brz-tp-lg-paragraph brz-css-r_J1X\" data-uniq-id=\"d9azt\" data-generated-css=\"brz-css-cdVC_\"><span class=\"brz-cp-color7\">www.c2a-azaysurcher.fr est h\u00e9berg\u00e9 par : <\/span><span class=\"brz-cp-color7\">Namecheap, Inc.<\/span><\/p>\n<p class=\"brz-tp-lg-paragraph brz-css-pJ1Wt\" data-uniq-id=\"b0ORv\" data-generated-css=\"brz-css-bW2oB\"><span class=\"brz-cp-color7\">adresse : Namecheap, Inc.<\/span><\/p>\n<p class=\"brz-tp-lg-paragraph brz-css-s0Cse\" data-uniq-id=\"b0ORv\" data-generated-css=\"brz-css-bW2oB\"><span class=\"brz-cp-color7\">4600 East Washington Street<\/span><\/p>\n<p class=\"brz-tp-lg-paragraph brz-css-lA9UQ\" data-uniq-id=\"b0ORv\" data-generated-css=\"brz-css-bW2oB\"><span class=\"brz-cp-color7\">Suite 300<\/span><\/p>\n<p class=\"brz-tp-lg-paragraph brz-css-p_BS0\" data-uniq-id=\"b0ORv\" data-generated-css=\"brz-css-bW2oB\"><span class=\"brz-cp-color7\">Phoenix, AZ 85034<\/span><\/p>\n<p class=\"brz-tp-lg-paragraph brz-css-cUkJO\" data-uniq-id=\"b0ORv\" data-generated-css=\"brz-css-bW2oB\"><span class=\"brz-cp-color7\">USA <\/span><\/p>\n<p class=\"brz-tp-lg-paragraph brz-css-dtgLE\" data-uniq-id=\"oKTep\" data-generated-css=\"brz-css-ijMQs\"><span class=\"brz-cp-color7\">&nbsp;<\/span><\/p>\n<\/div>\n<\/div>\n<\/div>\n<\/div>\n<\/div>\n<div class=\"brz-columns brz-css-p3wjd brz-css-jeZY_\" data-brz-custom-id=\"wuUMKJE7qalI\">\n<div class=\"brz-bg\"><\/div>\n<div class=\"brz-column__items brz-css-iOSEN\">\n<div id class=\"brz-css-xZtzt brz-css-rxKw1 brz-wrapper\">\n<div class=\"brz-spacer brz-css-k3BfX\"><\/div>\n<\/div>\n<\/div>\n<\/div>\n<\/div>\n<\/div>\n<\/div>\n<\/div>\n<\/section>\n<section id=\"prmoftncggvjhrrmdwsvfbfvhcisurxbtton\" class=\"brz-section brz-css-xkAL8\">\n<div class=\"brz-section__content brz-section--fullWidth brz-css-pag_v brz-css-dc74g\" data-brz-custom-id=\"egjlptclddymuolgvhtixcqnhfmundieness\">\n<div class=\"brz-bg\">\n<div class=\"brz-bg-color\"><\/div>\n<\/div>\n<div class=\"brz-container brz-css-dtpM6 brz-css-fWQZ0\">\n<div class=\"brz-row__container brz-css-r5NhT\" data-brz-custom-id=\"fYU1uQi6E9JC\">\n<div class=\"brz-bg\"><\/div>\n<div class=\"brz-row brz-css-bvK10 brz-css-yWtN9\">\n<div class=\"brz-columns brz-css-p3wjd brz-css-wBXTY\" data-brz-custom-id=\"hoipND98JQOm\">\n<div class=\"brz-bg\"><\/div>\n<div class=\"brz-column__items brz-css-iOSEN\">\n<div id class=\"brz-css-xZtzt brz-wrapper\">\n<div class=\"brz-rich-text brz-rich-text__custom brz-css-tzIuf\" data-brz-custom-id=\"tEm6uqRVw24U\">\n<div data-brz-translate-text=\"1\">\n<p class=\"brz-tp-lg-paragraph brz-css-oEOuA\" data-uniq-id=\"t2wKg\" data-generated-css=\"brz-css-c89Bo\"><a class=\"brz-cp-color7 link--page\" href=\"\" data-brz-link-type=\"page\"><u>Mention l\u00e9gales<\/u><\/a><\/p>\n<\/div>\n<\/div>\n<\/div>\n<\/div>\n<\/div>\n<div class=\"brz-columns brz-css-p3wjd brz-css-c6ko6\" data-brz-custom-id=\"pl1w48rkwDHJ\">\n<div class=\"brz-bg\"><\/div>\n<div class=\"brz-column__items brz-css-iOSEN\">\n<div id class=\"brz-css-xZtzt brz-wrapper\">\n<div class=\"brz-rich-text brz-rich-text__custom brz-css-tzIuf\" data-brz-custom-id=\"jKiOlEKXVaFz\">\n<div data-brz-translate-text=\"1\">\n<p class=\"brz-tp-lg-paragraph brz-css-dj4tI\" data-generated-css=\"brz-css-e2UdP\" data-uniq-id=\"jivj5\"><a class=\"brz-cp-color7 link--page\" href=\"\" data-brz-link-type=\"page\"><u>Contactez-nous<\/u><\/a><\/p>\n<\/div>\n<\/div>\n<\/div>\n<\/div>\n<\/div>\n<div class=\"brz-columns brz-css-p3wjd\" data-brz-custom-id=\"hd719PUGCHY9\">\n<div class=\"brz-bg\"><\/div>\n<div class=\"brz-column__items brz-css-iOSEN\">\n<div id class=\"brz-css-xZtzt brz-wrapper\">\n<div class=\"brz-rich-text brz-rich-text__custom brz-css-tzIuf\" data-brz-custom-id=\"fEOyI8mrAUrq\">\n<div data-brz-translate-text=\"1\">\n<p class=\"brz-text-xs-center brz-tp-lg-paragraph brz-text-lg-center brz-css-g0Rib\" data-uniq-id=\"wfZ0y\" data-generated-css=\"brz-css-x3iHv\"><span class=\"brz-cp-color7\">\u00a92024, C2A Azay-sur-Cher<\/span><\/p>\n<\/div>\n<\/div>\n<\/div>\n<\/div>\n<\/div>\n<div class=\"brz-columns brz-css-p3wjd brz-css-jLh65\" data-brz-custom-id=\"nTHsdPoPxLE7\">\n<div class=\"brz-bg\"><\/div>\n<div class=\"brz-column__items brz-css-iOSEN\">\n<div id class=\"brz-css-xZtzt brz-css-kIRnu brz-wrapper\">\n<div class=\"brz-rich-text brz-rich-text__custom brz-css-tzIuf\" data-brz-custom-id=\"qh6xc3KsQFkk\">\n<div data-brz-translate-text=\"1\">\n<p class=\"brz-text-xs-center brz-tp-lg-paragraph brz-text-lg-right brz-css-o6wfF\" data-uniq-id=\"cI8Qa\" data-generated-css=\"brz-css-lobDF\"><span class=\"brz-cp-color7\">Contact : Jean-Pierre &#8211; 06 46 26 63 45<\/span><\/p>\n<\/div>\n<\/div>\n<\/div>\n<\/div>\n<\/div>\n<\/div>\n<\/div>\n<\/div>\n<\/div>\n<\/section>\n<\/div>\n<p>    <!-- version:1733607849 --><\/p>\n","protected":false},"excerpt":{"rendered":"<p>Mentions l\u00e9gales Raison sociale : C2A Enseigne : C2A Forme juridique : Association Loi 1901 Adresse : 17 grande Rue \u2013 Maire d\u2019Azay-sur-Cher &#8211; 37270 AZAY-SUR-CHER SIRET : 925&nbsp;170&nbsp;219 00016 Num\u00e9ro Pr\u00e9fecture \u00ab&nbsp;RNA&nbsp;\u00bb&nbsp;: W372000887 Le site Internet : www.c2a-azaysurcher.fr est le site de l\u2019association C2A. Directeur de publication : M. Jean-Pierre Dumont H\u00e9bergement Web : [&hellip;]<\/p>\n","protected":false},"author":1,"featured_media":0,"parent":5,"menu_order":0,"comment_status":"closed","ping_status":"closed","template":"brizy-blank-template.php","meta":{"footnotes":""},"class_list":["post-722","page","type-page","status-publish","hentry"],"_links":{"self":[{"href":"https:\/\/c2a-azaysurcher.fr\/index.php?rest_route=\/wp\/v2\/pages\/722","targetHints":{"allow":["GET"]}}],"collection":[{"href":"https:\/\/c2a-azaysurcher.fr\/index.php?rest_route=\/wp\/v2\/pages"}],"about":[{"href":"https:\/\/c2a-azaysurcher.fr\/index.php?rest_route=\/wp\/v2\/types\/page"}],"author":[{"embeddable":true,"href":"https:\/\/c2a-azaysurcher.fr\/index.php?rest_route=\/wp\/v2\/users\/1"}],"replies":[{"embeddable":true,"href":"https:\/\/c2a-azaysurcher.fr\/index.php?rest_route=%2Fwp%2Fv2%2Fcomments&post=722"}],"version-history":[{"count":5,"href":"https:\/\/c2a-azaysurcher.fr\/index.php?rest_route=\/wp\/v2\/pages\/722\/revisions"}],"predecessor-version":[{"id":798,"href":"https:\/\/c2a-azaysurcher.fr\/index.php?rest_route=\/wp\/v2\/pages\/722\/revisions\/798"}],"up":[{"embeddable":true,"href":"https:\/\/c2a-azaysurcher.fr\/index.php?rest_route=\/wp\/v2\/pages\/5"}],"wp:attachment":[{"href":"https:\/\/c2a-azaysurcher.fr\/index.php?rest_route=%2Fwp%2Fv2%2Fmedia&parent=722"}],"curies":[{"name":"wp","href":"https:\/\/api.w.org\/{rel}","templated":true}]}}